{"id":861,"date":"2019-03-14T18:37:09","date_gmt":"2019-03-14T18:37:09","guid":{"rendered":"http:\/\/gws-offshore.rhome.lv\/?page_id=861"},"modified":"2022-01-21T10:15:31","modified_gmt":"2022-01-21T09:15:31","slug":"seychellen-offshore-firmengrundung","status":"publish","type":"page","link":"https:\/\/gws-offshore.com\/de\/seychellen-offshore-firmengrundung\/","title":{"rendered":"Seychellen Offshore Firmengr\u00fcndung"},"content":{"rendered":"<p><img decoding=\"async\" class=\"size-full alignnone\" src=\"\/wp-content\/uploads\/2019\/03\/seychelleshead.png\" alt=\"\" width=\"100%\" \/><\/p>\n<h4><strong>Ihre Vorteile:<br \/>\n<\/strong><\/h4>\n<ul>\n<li>Wir gr\u00fcnden Ihre Offshore-Firma auf den Seychellen in 1-3 Tagen<\/li>\n<li>H\u00f6chstma\u00df an Vertraulichkeit und Datenschutz<\/li>\n<li>100 USD j\u00e4hrliche Pauschalsteuer<\/li>\n<li>Ein pers\u00f6nlicher Kundenberater \u2013 365 Tage im Jahr<\/li>\n<li>Ein garantiertes Bankkonto, Onlinebanking und Kreditkarte<\/li>\n<li>Aktienkapital muss nicht eingezahlt werden<\/li>\n<li>Anonyme Gr\u00fcndung mit Treuhandgesch\u00e4ftsf\u00fchrer und -gesellschafter (optional)<\/li>\n<li>Firmengr\u00fcndung ab\u00a0<strong>950 USD<\/strong><\/li>\n<\/ul>\n<a class=\"btn btn-1\" href=\"\/de\/kontakt\/\"><i class=\"fas fa-phone\"><\/i> Kontakt<\/a>&nbsp;\n<div class=\"box\"><\/p>\n<p><strong>Weitere Informationen:<\/strong><\/p>\n<ul>\n<li><a href=\"\/de\/daten-und-fakten-zu-offshore-firmen-auf-den-seychellen\/\">Eckdaten zu Offshore-Gesellschaften auf den Seychellen<\/a><\/li>\n<li><a href=\"\/wp-content\/uploads\/2019\/03\/IBC-Act-1994.pdf\">International Business Companies Act<\/a> (PDF)<\/li>\n<li><a href=\"\/de\/gebuhrenubersicht-2\/\">Kosten\u00fcbersicht<\/a><\/li>\n<li><a href=\"\/wp-content\/uploads\/2019\/01\/GWS_Jurisdiction-Comparison-Chart-1.xlsx\">Vergleich der Standorte<\/a> (Excel)<\/li>\n<\/ul>\n<p><\/div>\n<p>Die Republik Seychellen ist ein Inselstaat im Indischen Ozean mit rund 80.000 Einwohnern. Zur Gruppe geh\u00f6ren \u00fcber 100 Inseln; die Gr\u00f6\u00dfte davon ist Mah\u00e9.<\/p>\n<p>Der Finanzsektor ist nach dem Aufbau der International Business Authority und dank der progressiven Gesetzgebung, die Offshore-Strukturen und Investments erm\u00f6glicht, in den vergangenen Jahren stark gewachsen. Die Seychellen haben sich erfolgreich zu einer kosteng\u00fcnstigen Alternative f\u00fcr andere Standorte wie den British Virgin Islands entwickelt.<\/p>\n<p>Seit 1994 erm\u00f6glicht die Gesetzgebung der Seychellen die Gr\u00fcndung von internationalen Gesellschaften, internationalen Stiftungen und Lizenzen f\u00fcr sogennante \u201eInternational Free Trade Zone Companies\u201c sowie Offshorebanken, Anlagefonds und Versicherungen. Das Land ist f\u00fcr eine sehr schnelle Gesellschaftsgr\u00fcndung bekannt.<\/p>\n<h4><strong>Der Offshore-Standort\u00a0Seychellen eignet sich in erster Linie f\u00fcr:<\/strong><\/h4>\n<ul>\n<li>E-Commerce<\/li>\n<li>Intellectual Property Management (IPM)<\/li>\n<li>Halten und Verwalten von beweglichen und unbeweglichen Verm\u00f6genswerten<\/li>\n<li>Beratungsdienstleistungen<\/li>\n<li>Nachfolgeregelungen<\/li>\n<li>Wertpapier- und Devisengesch\u00e4fte<\/li>\n<li>Internationale Gesch\u00e4fte<\/li>\n<\/ul>\n<h4>Gr\u00fcndungskosten f\u00fcr eine Offshore-Gesellschaft\u00a0auf den Seychellen:<\/h4>\n<p>Wir gr\u00fcnden Ihre Offshore-Firma auf den Seychellen bereits ab\u00a0<strong>950 USD<\/strong>.<\/p>\n<a href=\"\/de\/dubai-offshore-firmengrundung\/\" class=\"i-block\"><i class=\"fas fa-info-circle\"><\/i> Aufgrund der juristischen und steuerlichen Gestaltungsm\u00f6glichkeiten sowie der ausgezeichneten Reputation empfehlen wir unseren Mandanten eine Firmengr\u00fcndung in den Vereinigten Arabischen Emiraten.<\/a>\n","protected":false},"excerpt":{"rendered":"<p>Ihre Vorteile: Wir gr\u00fcnden Ihre Offshore-Firma auf den Seychellen in 1-3 Tagen H\u00f6chstma\u00df an Vertraulichkeit und Datenschutz 100 USD j\u00e4hrliche Pauschalsteuer Ein pers\u00f6nlicher Kundenberater \u2013 365 Tage im Jahr Ein garantiertes Bankkonto, Onlinebanking und Kreditkarte Aktienkapital muss nicht eingezahlt werden Anonyme Gr\u00fcndung mit Treuhandgesch\u00e4ftsf\u00fchrer und -gesellschafter (optional) Firmengr\u00fcndung ab\u00a0950 USD Die Republik Seychellen ist ein [&hellip;]<\/p>\n","protected":false},"author":3,"featured_media":0,"parent":0,"menu_order":0,"comment_status":"closed","ping_status":"closed","template":"","meta":{"footnotes":""},"class_list":["post-861","page","type-page","status-publish","hentry"],"aioseo_notices":[],"_links":{"self":[{"href":"https:\/\/gws-offshore.com\/de\/wp-json\/wp\/v2\/pages\/861","targetHints":{"allow":["GET"]}}],"collection":[{"href":"https:\/\/gws-offshore.com\/de\/wp-json\/wp\/v2\/pages"}],"about":[{"href":"https:\/\/gws-offshore.com\/de\/wp-json\/wp\/v2\/types\/page"}],"author":[{"embeddable":true,"href":"https:\/\/gws-offshore.com\/de\/wp-json\/wp\/v2\/users\/3"}],"replies":[{"embeddable":true,"href":"https:\/\/gws-offshore.com\/de\/wp-json\/wp\/v2\/comments?post=861"}],"version-history":[{"count":5,"href":"https:\/\/gws-offshore.com\/de\/wp-json\/wp\/v2\/pages\/861\/revisions"}],"predecessor-version":[{"id":1476,"href":"https:\/\/gws-offshore.com\/de\/wp-json\/wp\/v2\/pages\/861\/revisions\/1476"}],"wp:attachment":[{"href":"https:\/\/gws-offshore.com\/de\/wp-json\/wp\/v2\/media?parent=861"}],"curies":[{"name":"wp","href":"https:\/\/api.w.org\/{rel}","templated":true}]}}