{"id":829,"date":"2019-03-14T18:01:26","date_gmt":"2019-03-14T18:01:26","guid":{"rendered":"http:\/\/gws-offshore.rhome.lv\/?page_id=829"},"modified":"2022-01-21T10:07:45","modified_gmt":"2022-01-21T09:07:45","slug":"panama-offshore-firmengrundung","status":"publish","type":"page","link":"https:\/\/gws-offshore.com\/de\/panama-offshore-firmengrundung\/","title":{"rendered":"Panama Offshore Firmengr\u00fcndung"},"content":{"rendered":"<p><img decoding=\"async\" class=\"size-full alignnone\" src=\"\/wp-content\/uploads\/2019\/03\/panamahead.png\" alt=\"\" width=\"100%\" \/><\/p>\n<h4><strong>Ihre Vorteile:<br \/>\n<\/strong><\/h4>\n<ul>\n<li>Wir gr\u00fcnden Ihre Offshore-Firma in Panama in 3-4 Tagen<\/li>\n<li>H\u00f6chstes Ma\u00df an Vertraulichkeit<\/li>\n<li>400 USD Jahressteuer<\/li>\n<li>Ein pers\u00f6nlicher Kundenberater \u2013 365 Tage im Jahr<\/li>\n<li>Garantiertes Bankkonto, Onlinebanking und Kreditkarte<\/li>\n<li>Aktienkapital muss nicht eingezahlt werden<\/li>\n<li>Anonyme Gr\u00fcndung mit Treuhandgesch\u00e4ftsf\u00fchrer und -gesellschafter (optional)<\/li>\n<li>Firmengr\u00fcndung ab\u00a0<strong>1,490 USD<\/strong><\/li>\n<\/ul>\n<a class=\"btn btn-1\" href=\"\/de\/kontakt\/\"><i class=\"fas fa-phone\"><\/i> Kontakt<\/a>&nbsp;\n<div class=\"box\"><\/p>\n<p><strong>Weitere Informationen:<\/strong><\/p>\n<ul>\n<li><a href=\"\/de\/daten-und-fakten-zu-offshore-firmen-in-panama\/\">Eckdaten zu Offshore-Firmen in Panama<\/a><\/li>\n<li><a href=\"\/wp-content\/uploads\/2019\/03\/corplaw.pdf\">Corporation Law of Panama<\/a> (PDF)<\/li>\n<li><a href=\"\/de\/gebuhrenubersicht-2\/\">Kosten\u00fcbersicht<\/a><\/li>\n<li><a href=\"\/wp-content\/uploads\/2019\/01\/GWS_Jurisdiction-Comparison-Chart-1.xlsx\">Vergleich der Standorte<\/a> (Excel)<\/li>\n<\/ul>\n<p><\/div>\n<p>Die Republik Panama ist ein Land in Zentralamerika mit 3,4 Millionen Einwohnern. \u00dcber 50 Prozent der Einwohner leben in der Hauptstadt Panama City, dem politischen und wirtschaftlichen Zentrum des Landes: 55 des BIP werden in Panama City erwirtschaftet. Wichtigste Einkunftsquellen des Landes sind der Panamakanal, in dessen Verwaltung, Betrieb und Instandhaltung rund 8000 Menschen arbeiten, sowie die Registrierung von Schiffen und Offshore-Gesellschaften.<\/p>\n<p>Panama hat seit den 1980er Jahren eines der gr\u00f6\u00dften Bankwesen in Lateinamerika entwickelt. Das Land ist dank der hohen Vertraulichkeit, der Stabilit\u00e4t und der einfachen Registrierung auch einer der bekanntesten und anerkanntesten Offshore-Standorte der Welt.<\/p>\n<h4><strong>Der Offshore-Standort Panama eignet sich in erster Linie f\u00fcr:<\/strong><\/h4>\n<ul>\n<li>E-Commerce<\/li>\n<li>Intellectual Property Management (IPM)<\/li>\n<li>Halten und Verwalten von beweglichen und unbeweglichen Verm\u00f6genswerten<\/li>\n<li>Beratungsdienstleistungen<\/li>\n<li>Nachfolgeregelungen<\/li>\n<li>Wertpapier- und Devisengesch\u00e4fte<\/li>\n<li>Internationale Gesch\u00e4fte<\/li>\n<\/ul>\n<h4>Gr\u00fcndungskosten f\u00fcr eine Offshore-Gesellschaft in Panama:<\/h4>\n<p>Wir gr\u00fcnden Ihre Offshore-Firma in Panama bereits ab<strong>\u00a01,490 USD.\u00a0<\/strong><\/p>\n<a href=\"\/de\/dubai-offshore-firmengrundung\/\" class=\"i-block\"><i class=\"fas fa-info-circle\"><\/i> Aufgrund der juristischen und steuerlichen Gestaltungsm\u00f6glichkeiten sowie der ausgezeichneten Reputation empfehlen wir unseren Mandanten eine Firmengr\u00fcndung in den Vereinigten Arabischen Emiraten.<\/a>\n","protected":false},"excerpt":{"rendered":"<p>Ihre Vorteile: Wir gr\u00fcnden Ihre Offshore-Firma in Panama in 3-4 Tagen H\u00f6chstes Ma\u00df an Vertraulichkeit 400 USD Jahressteuer Ein pers\u00f6nlicher Kundenberater \u2013 365 Tage im Jahr Garantiertes Bankkonto, Onlinebanking und Kreditkarte Aktienkapital muss nicht eingezahlt werden Anonyme Gr\u00fcndung mit Treuhandgesch\u00e4ftsf\u00fchrer und -gesellschafter (optional) Firmengr\u00fcndung ab\u00a01,490 USD Die Republik Panama ist ein Land in Zentralamerika mit [&hellip;]<\/p>\n","protected":false},"author":3,"featured_media":0,"parent":0,"menu_order":0,"comment_status":"closed","ping_status":"closed","template":"","meta":{"footnotes":""},"class_list":["post-829","page","type-page","status-publish","hentry"],"aioseo_notices":[],"_links":{"self":[{"href":"https:\/\/gws-offshore.com\/de\/wp-json\/wp\/v2\/pages\/829","targetHints":{"allow":["GET"]}}],"collection":[{"href":"https:\/\/gws-offshore.com\/de\/wp-json\/wp\/v2\/pages"}],"about":[{"href":"https:\/\/gws-offshore.com\/de\/wp-json\/wp\/v2\/types\/page"}],"author":[{"embeddable":true,"href":"https:\/\/gws-offshore.com\/de\/wp-json\/wp\/v2\/users\/3"}],"replies":[{"embeddable":true,"href":"https:\/\/gws-offshore.com\/de\/wp-json\/wp\/v2\/comments?post=829"}],"version-history":[{"count":4,"href":"https:\/\/gws-offshore.com\/de\/wp-json\/wp\/v2\/pages\/829\/revisions"}],"predecessor-version":[{"id":1475,"href":"https:\/\/gws-offshore.com\/de\/wp-json\/wp\/v2\/pages\/829\/revisions\/1475"}],"wp:attachment":[{"href":"https:\/\/gws-offshore.com\/de\/wp-json\/wp\/v2\/media?parent=829"}],"curies":[{"name":"wp","href":"https:\/\/api.w.org\/{rel}","templated":true}]}}