{"id":797,"date":"2019-03-14T17:17:20","date_gmt":"2019-03-14T17:17:20","guid":{"rendered":"http:\/\/gws-offshore.rhome.lv\/?page_id=797"},"modified":"2019-03-14T17:18:13","modified_gmt":"2019-03-14T17:18:13","slug":"daten-und-fakten-zu-offshore-firmen-in-liechtenstein","status":"publish","type":"page","link":"https:\/\/gws-offshore.com\/de\/daten-und-fakten-zu-offshore-firmen-in-liechtenstein\/","title":{"rendered":"Daten und Fakten zu Offshore-Firmen in Liechtenstein"},"content":{"rendered":"<p><img decoding=\"async\" class=\"size-full alignnone\" src=\"\/wp-content\/uploads\/2019\/03\/liechtensteinhead.png\" alt=\"\" width=\"100%\" \/><\/p>\n<h4><strong>HIGHLIGHTS EINER OFFSHORE-FIRMA IN LIECHTENSTEIN<\/strong><\/h4>\n<ul>\n<li>Ausgezeichnetes Gesellschafts- und Aktienrecht<\/li>\n<li>Flexible Gesetzgebung f\u00fcr Unternehmen<\/li>\n<li>liegt im Herzen Europas<\/li>\n<li>Keine Besteuerung f\u00fcr internationale Transaktionen und Banktransaktionen<\/li>\n<li>Keine Verordnungen bez\u00fcglich Devisenkontrolle<\/li>\n<li>Politische und wirtschaftliche Stabilit\u00e4t<\/li>\n<li>Hervorragendes Angebot an Hotelunterk\u00fcnften<\/li>\n<li>Ausgezeichnete weltweit vernetzte Kommunikationsm\u00f6glichkeiten<\/li>\n<li>Qualifiziertes Personal<\/li>\n<li>Keine Kapitalertrags- bzw. Einkommenssteuer oder sonstige Besteuerung<\/li>\n<\/ul>\n<table>\n<tbody>\n<tr>\n<td colspan=\"2\">\n<h4><strong>LIECHTENSTEIN OFFSHORE COMPANY FEATURES<\/strong><\/h4>\n<\/td>\n<\/tr>\n<tr>\n<td colspan=\"2\"><strong>Allgemein<\/strong><\/td>\n<\/tr>\n<tr>\n<td>Gesellschaftstyp<\/td>\n<td>AG<\/td>\n<\/tr>\n<tr>\n<td>Politische Stabilit\u00e4t<\/td>\n<td>Ausgezeichnet<\/td>\n<\/tr>\n<tr>\n<td>Gewohnheits- oder Zivilrecht<\/td>\n<td>Zivilrecht<\/td>\n<\/tr>\n<tr>\n<td>Offenlegung des wirtschaftlichen Eigent\u00fcmers<\/td>\n<td>Nein<\/td>\n<\/tr>\n<tr>\n<td>Firmensitzwechsel erlaubt<\/td>\n<td>Ja<\/td>\n<\/tr>\n<tr>\n<td>Unternehmensbesteuerung<\/td>\n<td>12.5%, Jahressteuer (Minimum) CHF 1,200<\/td>\n<\/tr>\n<tr>\n<td>Firmenname<\/td>\n<td>Lateinisches Alphabet<\/td>\n<\/tr>\n<tr>\n<td colspan=\"2\"><strong><b>Unternehmensanforderungen<\/b><\/strong><\/td>\n<\/tr>\n<tr>\n<td>Mindestanzahl Gesellschafter \/ Mitglieder<\/td>\n<td>1<\/td>\n<\/tr>\n<tr>\n<td>Mindestanzahl Gesch\u00e4ftsf\u00fchrer \/ Manager<\/td>\n<td>1<\/td>\n<\/tr>\n<tr>\n<td>Corporate Directors \/ Manager erlaubt<\/td>\n<td>Ja<\/td>\n<\/tr>\n<tr>\n<td>Schriftf\u00fchrer ben\u00f6tigt<\/td>\n<td>Nein<\/td>\n<\/tr>\n<tr>\n<td>\u00dcblicherweise genehmigtes Kapital<\/td>\n<td>CHF 50,000<\/td>\n<\/tr>\n<tr>\n<td>Voll eingezahltes Kapital (Minimum)<\/td>\n<td>Ja<\/td>\n<\/tr>\n<tr>\n<td colspan=\"2\"><strong><b>Lokale Anforderungen<\/b><\/strong><\/td>\n<\/tr>\n<tr>\n<td>Registrierter Firmensitz \/ Vertreter<\/td>\n<td>Ja<\/td>\n<\/tr>\n<tr>\n<td>Schriftf\u00fchrer<\/td>\n<td>Nein<\/td>\n<\/tr>\n<tr>\n<td>Versammlungen vor Ort<\/td>\n<td>Nein<\/td>\n<\/tr>\n<tr>\n<td>Staatliches Register der Gesch\u00e4ftsf\u00fchrer \/ Manager<\/td>\n<td>Ja<\/td>\n<\/tr>\n<tr>\n<td>Staatliches Register der Gesellschafter \/ Mitglieder<\/td>\n<td>Nein<\/td>\n<\/tr>\n<tr>\n<td colspan=\"2\"><strong>J\u00e4hrliche Anforderungen<br \/>\n<\/strong><\/td>\n<\/tr>\n<tr>\n<td>Jahresrendite<\/td>\n<td>Ja<\/td>\n<\/tr>\n<tr>\n<td>Einreichung der Buchhaltungsunterlagen erforderlich<\/td>\n<td>Ja<\/td>\n<\/tr>\n<tr>\n<td colspan=\"2\"><strong>Wiederkehrende Kosten<\/strong><\/td>\n<\/tr>\n<tr>\n<td>Mindest-Jahresgeb\u00fchr \/ Lizenzgeb\u00fchr<\/td>\n<td>CHF 1,200<\/td>\n<\/tr>\n<tr>\n<td>J\u00e4hrliche Steuererkl\u00e4rungsgeb\u00fchr<\/td>\n<td>N\/A<\/td>\n<\/tr>\n<tr>\n<td colspan=\"2\"><strong>Other<\/strong><\/td>\n<\/tr>\n<tr>\n<td>Requirement to file annual return<\/td>\n<td>Yes<\/td>\n<\/tr>\n<tr>\n<td>Change in domicile permitted<\/td>\n<td>Yes<\/td>\n<\/tr>\n<\/tbody>\n<\/table>\n","protected":false},"excerpt":{"rendered":"<p>HIGHLIGHTS EINER OFFSHORE-FIRMA IN LIECHTENSTEIN Ausgezeichnetes Gesellschafts- und Aktienrecht Flexible Gesetzgebung f\u00fcr Unternehmen liegt im Herzen Europas Keine Besteuerung f\u00fcr internationale Transaktionen und Banktransaktionen Keine Verordnungen bez\u00fcglich Devisenkontrolle Politische und wirtschaftliche Stabilit\u00e4t Hervorragendes Angebot an Hotelunterk\u00fcnften Ausgezeichnete weltweit vernetzte Kommunikationsm\u00f6glichkeiten Qualifiziertes Personal Keine Kapitalertrags- bzw. Einkommenssteuer oder sonstige Besteuerung LIECHTENSTEIN OFFSHORE COMPANY FEATURES Allgemein Gesellschaftstyp [&hellip;]<\/p>\n","protected":false},"author":3,"featured_media":0,"parent":0,"menu_order":0,"comment_status":"closed","ping_status":"closed","template":"","meta":{"footnotes":""},"class_list":["post-797","page","type-page","status-publish","hentry"],"aioseo_notices":[],"_links":{"self":[{"href":"https:\/\/gws-offshore.com\/de\/wp-json\/wp\/v2\/pages\/797","targetHints":{"allow":["GET"]}}],"collection":[{"href":"https:\/\/gws-offshore.com\/de\/wp-json\/wp\/v2\/pages"}],"about":[{"href":"https:\/\/gws-offshore.com\/de\/wp-json\/wp\/v2\/types\/page"}],"author":[{"embeddable":true,"href":"https:\/\/gws-offshore.com\/de\/wp-json\/wp\/v2\/users\/3"}],"replies":[{"embeddable":true,"href":"https:\/\/gws-offshore.com\/de\/wp-json\/wp\/v2\/comments?post=797"}],"version-history":[{"count":2,"href":"https:\/\/gws-offshore.com\/de\/wp-json\/wp\/v2\/pages\/797\/revisions"}],"predecessor-version":[{"id":799,"href":"https:\/\/gws-offshore.com\/de\/wp-json\/wp\/v2\/pages\/797\/revisions\/799"}],"wp:attachment":[{"href":"https:\/\/gws-offshore.com\/de\/wp-json\/wp\/v2\/media?parent=797"}],"curies":[{"name":"wp","href":"https:\/\/api.w.org\/{rel}","templated":true}]}}