{"id":788,"date":"2019-03-14T17:12:16","date_gmt":"2019-03-14T17:12:16","guid":{"rendered":"http:\/\/gws-offshore.rhome.lv\/?page_id=788"},"modified":"2019-03-14T17:12:16","modified_gmt":"2019-03-14T17:12:16","slug":"liechtenstein-firmengruendung","status":"publish","type":"page","link":"https:\/\/gws-offshore.com\/de\/liechtenstein-firmengruendung\/","title":{"rendered":"Liechtenstein Firmengr\u00fcndung"},"content":{"rendered":"<p><img decoding=\"async\" class=\"size-full alignnone\" src=\"\/wp-content\/uploads\/2019\/03\/liechtensteinhead.png\" alt=\"\" width=\"100%\" \/><\/p>\n<h4>Ihre Vorteile:<\/h4>\n<ul>\n<li>Wir gr\u00fcnden Ihre Offshore-Firma in Liechtenstein in 7 Tagen<\/li>\n<li>Hohe Vertraulichkeit<\/li>\n<li>12,5% Flat-Tax (1.200 CHF j\u00e4hrliche Mindeststeuer)<\/li>\n<li>Ein pers\u00f6nlicher Kundenberater \u2013 365 Tage im Jahr<\/li>\n<li>Ein garantiertes Bankkonto, Onlinebanking und Kreditkarte<\/li>\n<\/ul>\n<a class=\"btn btn-1\" href=\"\/de\/kontakt\/\"><i class=\"fas fa-phone\"><\/i> Kontakt<\/a>&nbsp;\n<div class=\"box\"><\/p>\n<p><strong>Weitere Informationen:<\/strong><\/p>\n<ul>\n<li><a href=\"http:\/\/www.liechtenstein.li\">Portal der liechtensteinischen Regierung<\/a><\/li>\n<li><a href=\"\/wp-content\/uploads\/2019\/03\/pdf-llv-rdr-gesamtdokument.pdf\">Personen- und Gesellschaftrecht Liechtenstein<\/a><\/li>\n<li><a href=\"\/de\/daten-und-fakten-zu-offshore-firmen-in-liechtenstein\/\">Eckdaten zu Offshore-Firmen in Liechtenstein<\/a><\/li>\n<li><a href=\"\/de\/gebuhrenubersicht-2\/\">Kosten\u00fcbersicht<\/a><\/li>\n<li><a href=\"\/wp-content\/uploads\/2019\/01\/GWS_Jurisdiction-Comparison-Chart-1.xlsx\">Vergleich der Standorte<\/a> (Excel)<\/li>\n<\/ul>\n<p><\/div>\n<p>Das F\u00fcrstentum Liechtenstein ist ein souver\u00e4ner und politisch \u00e4u\u00dferst stabiler Staat in Zentraleuropa, der an \u00d6sterreich und die Schweiz grenzt. Der Hauptort des Landes ist Vaduz; das ganze Land hat nur knapp 37.000 Einwohner. Obwohl die parlamentarische, konstitutionelle Monarchie von F\u00fcrst Hans Adam II. als Staatsoberhaupt regiert wird, gibt es eine direkte Demokratie.<\/p>\n<p>Liechtenstein ist eines der wenigen L\u00e4nder weltweit mit mehr eingetragenen Unternehmen sowie mehr Arbeitspl\u00e4tzen als Einwohner. Das BIP liegt bei 141.000 US-Dollar pro Kopf und ist damit das zweith\u00f6chste der Welt.<\/p>\n<p>Das Land ist seit Jahrzehnten ein international bekannter Finanzplatz; insbesondere in Hinblick auf die Grndung von Stiftungen. In den letzten Jahren hat sich der Finanzplatz\u00a0 zu einem diversifizierteren Standort gewandelt, der sich beispielsweise als Anbieter alternativer Investmentfonds einen Namen gemacht hat.<\/p>\n<h4>Der Firmenstandort Liechtenstein eignet sich in erster Linie f\u00fcr:<\/h4>\n<ul>\n<li>Intellectual Property Management<\/li>\n<li>Consulting<\/li>\n<li>Nachfolgeregelungen<\/li>\n<li>Steueroptimierungen in \u00dcbereinstimmung mit der Richtlinie 90\/435\/EWG, der sogenannten Mutter-Tochter-Richtlinie<\/li>\n<\/ul>\n<h4>Gr\u00fcndungskosten f\u00fcr eine Offshore-Gesellschaft im F\u00fcrstentum Liechtenstein:<\/h4>\n<p>Die Gestaltungsm\u00f6glichkeiten in Liechtenstein sind sehr vielf\u00e4ltig. Bitte kontaktieren Sie uns f\u00fcr ein individuelles Angebot.<\/p>\n<a href=\"\/de\/dubai-offshore-firmengrundung\/\" class=\"i-block\"><i class=\"fas fa-info-circle\"><\/i> Aufgrund der juristischen und steuerlichen Gestaltungsm\u00f6glichkeiten sowie der ausgezeichneten Reputation empfehlen wir unseren Mandanten eine Firmengr\u00fcndung in den Vereinigten Arabischen Emiraten.<\/a>\n<a href=\"\/de\/kontakt\/\" class=\"i-block\"><i class=\"fas fa-info-circle\"><\/i> Ihr pers\u00f6nlicher Kundenberater ber\u00e4t Sie gerne zum Thema Firmengr\u00fcndungen<\/a>\n","protected":false},"excerpt":{"rendered":"<p>Ihre Vorteile: Wir gr\u00fcnden Ihre Offshore-Firma in Liechtenstein in 7 Tagen Hohe Vertraulichkeit 12,5% Flat-Tax (1.200 CHF j\u00e4hrliche Mindeststeuer) Ein pers\u00f6nlicher Kundenberater \u2013 365 Tage im Jahr Ein garantiertes Bankkonto, Onlinebanking und Kreditkarte Das F\u00fcrstentum Liechtenstein ist ein souver\u00e4ner und politisch \u00e4u\u00dferst stabiler Staat in Zentraleuropa, der an \u00d6sterreich und die Schweiz grenzt. Der Hauptort [&hellip;]<\/p>\n","protected":false},"author":3,"featured_media":0,"parent":0,"menu_order":0,"comment_status":"closed","ping_status":"closed","template":"","meta":{"footnotes":""},"class_list":["post-788","page","type-page","status-publish","hentry"],"aioseo_notices":[],"_links":{"self":[{"href":"https:\/\/gws-offshore.com\/de\/wp-json\/wp\/v2\/pages\/788","targetHints":{"allow":["GET"]}}],"collection":[{"href":"https:\/\/gws-offshore.com\/de\/wp-json\/wp\/v2\/pages"}],"about":[{"href":"https:\/\/gws-offshore.com\/de\/wp-json\/wp\/v2\/types\/page"}],"author":[{"embeddable":true,"href":"https:\/\/gws-offshore.com\/de\/wp-json\/wp\/v2\/users\/3"}],"replies":[{"embeddable":true,"href":"https:\/\/gws-offshore.com\/de\/wp-json\/wp\/v2\/comments?post=788"}],"version-history":[{"count":1,"href":"https:\/\/gws-offshore.com\/de\/wp-json\/wp\/v2\/pages\/788\/revisions"}],"predecessor-version":[{"id":791,"href":"https:\/\/gws-offshore.com\/de\/wp-json\/wp\/v2\/pages\/788\/revisions\/791"}],"wp:attachment":[{"href":"https:\/\/gws-offshore.com\/de\/wp-json\/wp\/v2\/media?parent=788"}],"curies":[{"name":"wp","href":"https:\/\/api.w.org\/{rel}","templated":true}]}}