{"id":772,"date":"2019-03-14T16:45:44","date_gmt":"2019-03-14T16:45:44","guid":{"rendered":"http:\/\/gws-offshore.rhome.lv\/?page_id=772"},"modified":"2022-01-21T10:01:33","modified_gmt":"2022-01-21T09:01:33","slug":"firmengruendung-in-lettland","status":"publish","type":"page","link":"https:\/\/gws-offshore.com\/de\/firmengruendung-in-lettland\/","title":{"rendered":"Firmengr\u00fcndung in Lettland"},"content":{"rendered":"<p><img decoding=\"async\" class=\"size-full alignnone\" src=\"\/wp-content\/uploads\/2019\/03\/Latvia.jpg\" alt=\"\" width=\"100%\" \/><\/p>\n<h4>Ihre Vorteile:<\/h4>\n<ul>\n<li style=\"list-style-type: none;\">\n<ul>\n<li>Schnelle und einfache Firmengr\u00fcndung in Lettland, der Europ\u00e4ischen Union<\/li>\n<li>Pers\u00f6nlicher Kundenberatung \u2013 365 Tage im Jahr<\/li>\n<li>EU Gesellschaft mit 15% Einkommenssteuer<\/li>\n<\/ul>\n<\/li>\n<\/ul>\n<ul>\n<li>Ein garantiertes Bankkonto, Onlinebanking und Kreditkarte<\/li>\n<li>Firmengr\u00fcndung bereits ab:\u00a0<strong>1,550 USD<\/strong><\/li>\n<\/ul>\n<a class=\"btn btn-1\" href=\"\/de\/kontakt\/\"><i class=\"fas fa-phone\"><\/i> Kontakt<\/a>&nbsp;\n<div class=\"box\"><\/p>\n<p><strong>Weitere Informationen:<\/strong><\/p>\n<ul>\n<li>Eckdaten zu Gesellschaften in Lettland<\/li>\n<li><a href=\"\/de\/gebuhrenubersicht-2\/\">Kosten\u00fcbersicht<\/a><\/li>\n<li><a href=\"\/wp-content\/uploads\/2019\/01\/GWS_Jurisdiction-Comparison-Chart-1.xlsx\">Vergleich der Standorte<\/a> (Excel)<\/li>\n<\/ul>\n<p><\/div>\n<p>Eine lettische SIA\u00a0<span id=\"result_box\" class=\"\" lang=\"de\"><span class=\"\">(<\/span><span class=\"\">Gesellschaft mit beschr\u00e4nkter Haftung<\/span><span class=\"\">) ist eine Gesellschaft mit beschr\u00e4nkter Haftung in Privatbesitz, deren Mitglieder eine oder mehrere Privatpersonen oder juristische Personen sein k\u00f6nnen; diese k\u00f6nnen an\u00a0jedwelchem Standort weltweit ans\u00e4ssig bzw. gegr\u00fcndet sein.<\/span><\/span><\/p>\n<p>Am Scheideweg zwischen \u00a0Nord- und Osteuropa gelegen profitiert\u00a0der baltische Staat Lettland sowohl von dieser strategischen Position, als auch von seiner neuen Mitgliedschaft in der EU. Die Unternehmenssteuer wurde auf 15% festgelegt, einer der niedrigsten Steuers\u00e4tze in der EU. Eine Gesellschaft in Lettland kann sich diese Vorteile zum Nutzen machen und ein effizientes Instrument im Handel zwischen west- und osteurop\u00e4ischen L\u00e4ndern sein.<\/p>\n<p><strong>Die wichtigsten Vorteile::<\/strong><\/p>\n<ul>\n<li>Hohe Reputation<\/li>\n<li>EU Firma<\/li>\n<li>15% Unternehmenssteuer, corporate income tax, einer der niedrigsten Steuers\u00e4tze in der EU<\/li>\n<li>Mindestkapital zahlbar bei der Gr\u00fcndung: 2,800 EUR<\/li>\n<\/ul>\n<p><em>Buchhaltung und Einreichung der Konten erforderlich<\/em><\/p>\n<h4>Preis einer SIA in Lettland:<\/h4>\n<p>Wir gr\u00fcnden Ihre Firma in Lettland\u00a0bereits ab\u00a0<strong>1,550 USD.<\/strong><\/p>\n<a href=\"\/de\/dubai-offshore-firmengrundung\/\" class=\"i-block\"><i class=\"fas fa-info-circle\"><\/i> Aufgrund der juristischen und steuerlichen Gestaltungsm\u00f6glichkeiten sowie der ausgezeichneten Reputation empfehlen wir unseren Mandanten eine Firmengr\u00fcndung in den Vereinigten Arabischen Emiraten.<\/a>\n","protected":false},"excerpt":{"rendered":"<p>Ihre Vorteile: Schnelle und einfache Firmengr\u00fcndung in Lettland, der Europ\u00e4ischen Union Pers\u00f6nlicher Kundenberatung \u2013 365 Tage im Jahr EU Gesellschaft mit 15% Einkommenssteuer Ein garantiertes Bankkonto, Onlinebanking und Kreditkarte Firmengr\u00fcndung bereits ab:\u00a01,550 USD Eine lettische SIA\u00a0(Gesellschaft mit beschr\u00e4nkter Haftung) ist eine Gesellschaft mit beschr\u00e4nkter Haftung in Privatbesitz, deren Mitglieder eine oder mehrere Privatpersonen oder juristische [&hellip;]<\/p>\n","protected":false},"author":3,"featured_media":0,"parent":0,"menu_order":0,"comment_status":"closed","ping_status":"closed","template":"","meta":{"footnotes":""},"class_list":["post-772","page","type-page","status-publish","hentry"],"aioseo_notices":[],"_links":{"self":[{"href":"https:\/\/gws-offshore.com\/de\/wp-json\/wp\/v2\/pages\/772","targetHints":{"allow":["GET"]}}],"collection":[{"href":"https:\/\/gws-offshore.com\/de\/wp-json\/wp\/v2\/pages"}],"about":[{"href":"https:\/\/gws-offshore.com\/de\/wp-json\/wp\/v2\/types\/page"}],"author":[{"embeddable":true,"href":"https:\/\/gws-offshore.com\/de\/wp-json\/wp\/v2\/users\/3"}],"replies":[{"embeddable":true,"href":"https:\/\/gws-offshore.com\/de\/wp-json\/wp\/v2\/comments?post=772"}],"version-history":[{"count":4,"href":"https:\/\/gws-offshore.com\/de\/wp-json\/wp\/v2\/pages\/772\/revisions"}],"predecessor-version":[{"id":1461,"href":"https:\/\/gws-offshore.com\/de\/wp-json\/wp\/v2\/pages\/772\/revisions\/1461"}],"wp:attachment":[{"href":"https:\/\/gws-offshore.com\/de\/wp-json\/wp\/v2\/media?parent=772"}],"curies":[{"name":"wp","href":"https:\/\/api.w.org\/{rel}","templated":true}]}}