{"id":753,"date":"2019-03-14T16:02:01","date_gmt":"2019-03-14T16:02:01","guid":{"rendered":"http:\/\/gws-offshore.rhome.lv\/?page_id=753"},"modified":"2022-01-21T10:03:23","modified_gmt":"2022-01-21T09:03:23","slug":"hong-kong-firmengrundung","status":"publish","type":"page","link":"https:\/\/gws-offshore.com\/de\/hong-kong-firmengrundung\/","title":{"rendered":"Hong Kong Firmengr\u00fcndung"},"content":{"rendered":"<p><img decoding=\"async\" class=\"size-full alignnone\" src=\"\/wp-content\/uploads\/2019\/03\/hongkong.png\" alt=\"\" width=\"100%\" \/><\/p>\n<h4><strong>Ihre Vorteile:<\/strong><\/h4>\n<ul>\n<li>Wir gr\u00fcnden Ihre Offshore-Firma in Hong Kong innerhalb von 3-7 Tagen<\/li>\n<li>Hong Kong genie\u00dft ein sehr gutes Ansehen<\/li>\n<li>Ein pers\u00f6nlicher Kundenberater \u2013 365 Tage im Jahr<\/li>\n<li>Ein garantiertes Bankkonto, Onlinebanking und Kreditkarte<\/li>\n<li>Gr\u00fcndungsgeb\u00fchr:\u00a0<strong>1,990 USD<\/strong><\/li>\n<\/ul>\n<a class=\"btn btn-1\" href=\"\/de\/kontakt\/\"><i class=\"fas fa-phone\"><\/i> Kontakt<\/a>&nbsp;\n<div class=\"box\"><\/p>\n<p><strong>Weitere Informationen:<\/strong><\/p>\n<ul>\n<li><a href=\"\/de\/daten-und-fakten-zu-offshore-firmen-in-hong-kong\/\">Eckdaten zu Offshore-Firmen in Hong Kong<\/a><\/li>\n<li><a href=\"\/de\/gebuhrenubersicht-2\/\">Kosten\u00fcbersicht<\/a><\/li>\n<li><a href=\"\/wp-content\/uploads\/2019\/01\/GWS_Jurisdiction-Comparison-Chart-1.xlsx\">Vergleich der Standorte<\/a> (Excel)<\/li>\n<\/ul>\n<p><\/div>\n<p><b>Hong Kong<\/b>\u00a0liegt an der chinesischen S\u00fcdk\u00fcste und ist neben Macao eine der beiden Sonderverwaltungszonen der Volksrepublik China. Die Bev\u00f6lkerung Hong Kongs betr\u00e4gt ca. sieben Millionen Einwohner. Am 1. Juli 1997 \u00fcbergab Gro\u00dfbritannien die Souver\u00e4nit\u00e4t Hong Kongs an die Volksrepublik China und setzte somit nach 156 Jahren der britischen Kolonialherrschaft ein Ende.<\/p>\n<p>Nach der Registrierung einer Gesellschaft werden die Namen der Gesellschaftsvertreter im \u00f6ffentlichen Register ver\u00f6ffentlicht. Um die Ver\u00f6ffentlichung des eigenen Namens zu vermeiden, k\u00f6nnen jedoch Treuhand-Direktoren und -Gesellschafter angegeben werden. Ein weiterer wichtiger Punkt ist, dass Unternehmen die Verpflichtung haben, ihre Buchhaltungsunterlagen einzureichen, diese jedoch nicht \u00f6ffentlich zug\u00e4nglich gemacht werden. Einer Besteuerung unterliegen ausschlie\u00dflich Gewinne, die innerhalb Hong Kongs erzielt werden. Offshore-Gesellschaften, die ihre Gesch\u00e4fte ausschlie\u00dflich au\u00dferhalb Hong Kongs abwickeln, unterliegen keiner Besteuerung.<\/p>\n<h4>Der Offshore-Standort Hong Kong eignet sich besonders f\u00fcr:<\/h4>\n<ul>\n<li>E-Commerce<\/li>\n<li>Import und Export<\/li>\n<li>Internationale Gesch\u00e4fte<\/li>\n<li>Intellectual Property Management (IPM)<\/li>\n<li>Halten und Verwalten von beweglichen und unbeweglichen Verm\u00f6genswerten<\/li>\n<li>B\u00f6rsenhandel \/ Forex<\/li>\n<\/ul>\n<h4>Gr\u00fcndungskosten f\u00fcr eine Offshore-Gesellschaft in Hong Kong:<\/h4>\n<p>Wir gr\u00fcnden Ihre Offshore-Firma in Hong Kong bereits ab\u00a0<strong>1,990 USD<\/strong>\u00a0oder bieten Ihnen auf Wunsch eine bereits bestehende Vorratsgesellschaft an.<\/p>\n<a href=\"\/de\/dubai-offshore-firmengrundung\/\" class=\"i-block\"><i class=\"fas fa-info-circle\"><\/i> Aufgrund der juristischen und steuerlichen Gestaltungsm\u00f6glichkeiten sowie der ausgezeichneten Reputation empfehlen wir unseren Mandanten eine Firmengr\u00fcndung in den Vereinigten Arabischen Emiraten.<\/a>\n","protected":false},"excerpt":{"rendered":"<p>Ihre Vorteile: Wir gr\u00fcnden Ihre Offshore-Firma in Hong Kong innerhalb von 3-7 Tagen Hong Kong genie\u00dft ein sehr gutes Ansehen Ein pers\u00f6nlicher Kundenberater \u2013 365 Tage im Jahr Ein garantiertes Bankkonto, Onlinebanking und Kreditkarte Gr\u00fcndungsgeb\u00fchr:\u00a01,990 USD Hong Kong\u00a0liegt an der chinesischen S\u00fcdk\u00fcste und ist neben Macao eine der beiden Sonderverwaltungszonen der Volksrepublik China. Die Bev\u00f6lkerung [&hellip;]<\/p>\n","protected":false},"author":3,"featured_media":0,"parent":0,"menu_order":0,"comment_status":"closed","ping_status":"closed","template":"","meta":{"footnotes":""},"class_list":["post-753","page","type-page","status-publish","hentry"],"aioseo_notices":[],"_links":{"self":[{"href":"https:\/\/gws-offshore.com\/de\/wp-json\/wp\/v2\/pages\/753","targetHints":{"allow":["GET"]}}],"collection":[{"href":"https:\/\/gws-offshore.com\/de\/wp-json\/wp\/v2\/pages"}],"about":[{"href":"https:\/\/gws-offshore.com\/de\/wp-json\/wp\/v2\/types\/page"}],"author":[{"embeddable":true,"href":"https:\/\/gws-offshore.com\/de\/wp-json\/wp\/v2\/users\/3"}],"replies":[{"embeddable":true,"href":"https:\/\/gws-offshore.com\/de\/wp-json\/wp\/v2\/comments?post=753"}],"version-history":[{"count":5,"href":"https:\/\/gws-offshore.com\/de\/wp-json\/wp\/v2\/pages\/753\/revisions"}],"predecessor-version":[{"id":1468,"href":"https:\/\/gws-offshore.com\/de\/wp-json\/wp\/v2\/pages\/753\/revisions\/1468"}],"wp:attachment":[{"href":"https:\/\/gws-offshore.com\/de\/wp-json\/wp\/v2\/media?parent=753"}],"curies":[{"name":"wp","href":"https:\/\/api.w.org\/{rel}","templated":true}]}}