{"id":713,"date":"2019-03-13T09:10:16","date_gmt":"2019-03-13T09:10:16","guid":{"rendered":"http:\/\/gws-offshore.rhome.lv\/?page_id=713"},"modified":"2019-03-13T09:18:00","modified_gmt":"2019-03-13T09:18:00","slug":"daten-und-fakten-zu-offshore-firmen-in-dubai-rak","status":"publish","type":"page","link":"https:\/\/gws-offshore.com\/de\/daten-und-fakten-zu-offshore-firmen-in-dubai-rak\/","title":{"rendered":"Daten und Fakten zu Offshore-Firmen in Dubai (RAK)"},"content":{"rendered":"<p><img decoding=\"async\" class=\"size-full alignnone\" src=\"http:\/\/gws-offshore.rhome.lv\/wp-content\/uploads\/2019\/03\/rakhead.png\" alt=\"\" width=\"100%\" \/><\/p>\n<h4><strong>HIGHLIGHTS EINER OFFSHORE-FIRMA IN RAS AL KHAIMAH<br \/>\n<\/strong><\/h4>\n<ul>\n<li>Ausgezeichnetes Gesellschafts- und Aktienrecht<\/li>\n<li>Flexible Gesetzgebung f\u00fcr Unternehmen<\/li>\n<li>Keine Besteuerung f\u00fcr internationale Transaktionen und Banktransaktionen<\/li>\n<li>Keine Verordnungen bez\u00fcglich Devisenkontrolle<\/li>\n<li>Politische und wirtschaftliche Stabilit\u00e4t<\/li>\n<li>Hervorragendes Angebot an Hotelunterk\u00fcnften<\/li>\n<li>Ausgezeichnete weltweit vernetzte Kommunikationsm\u00f6glichkeiten<\/li>\n<li>Qualifiziertes Personal<\/li>\n<li>Keine Kapitalertrags- bzw. Einkommenssteuer oder sonstige Besteuerung<\/li>\n<\/ul>\n<table>\n<tbody>\n<tr>\n<td colspan=\"2\">\n<h4>ECKDATEN<\/h4>\n<\/td>\n<\/tr>\n<tr>\n<td colspan=\"2\"><strong>Allgemein<\/strong><\/td>\n<\/tr>\n<tr>\n<td>Gesellschaftstyp<\/td>\n<td>Kapitalgesellschaft<\/td>\n<\/tr>\n<tr>\n<td>Politische Stabilit\u00e4t<\/td>\n<td>Ausgezeichnet<\/td>\n<\/tr>\n<tr>\n<td>Gewohnheits- oder Zivilrecht<\/td>\n<td>Beliebig<\/td>\n<\/tr>\n<tr>\n<td>Offenlegung des wirtschaftlichen Eigent\u00fcmers<\/td>\n<td>Ja<\/td>\n<\/tr>\n<tr>\n<td>Firmensitzwechsel erlaubt<\/td>\n<td>Ja<\/td>\n<\/tr>\n<tr>\n<td>Unternehmensbesteuerung<\/td>\n<td>Keine<\/td>\n<\/tr>\n<tr>\n<td>Firmenname<\/td>\n<td>Englisch oder Arabisch<\/td>\n<\/tr>\n<tr>\n<td colspan=\"2\"><b>Unternehmensanforderungen<\/b><\/td>\n<\/tr>\n<tr>\n<td>Mindestanzahl Gesellschafter \/ Mitglieder<\/td>\n<td>1<\/td>\n<\/tr>\n<tr>\n<td>Mindestanzahl Gesch\u00e4ftsf\u00fchrer \/ Manager<\/td>\n<td>1<\/td>\n<\/tr>\n<tr>\n<td>Corporate Directors \/ Manager erlaubt<\/td>\n<td>Ja<\/td>\n<\/tr>\n<tr>\n<td>\u00dcblicherweise genehmigtes Kapital<\/td>\n<td>Dhs 1,000 (Minimum)<\/td>\n<\/tr>\n<tr>\n<td>Voll eingezahltes Kapital (Minimum)<\/td>\n<td>Voll eingezahlt<\/td>\n<\/tr>\n<tr>\n<td colspan=\"2\"><b>Lokale Anforderungen<\/b><\/td>\n<\/tr>\n<tr>\n<td>Registrierter Firmensitz \/ Vertreter<\/td>\n<td>Ja<\/td>\n<\/tr>\n<tr>\n<td>Ortsans\u00e4ssiger Partner<\/td>\n<td>(UAE National oder Unternehmen im Besitz der UAE National) Nein<\/td>\n<\/tr>\n<tr>\n<td>Ortsans\u00e4ssiger Gesch\u00e4ftsf\u00fchrer<\/td>\n<td>Nein<\/td>\n<\/tr>\n<tr>\n<td>Versammlungen vor Ort<\/td>\n<td>Nein<\/td>\n<\/tr>\n<tr>\n<td>Staatliches Register der Gesch\u00e4ftsf\u00fchrer \/ Manager<\/td>\n<td>Ja<\/td>\n<\/tr>\n<tr>\n<td>Staatliches Register der Gesellschafter \/ Mitglieder<\/td>\n<td>Ja<\/td>\n<\/tr>\n<tr>\n<td colspan=\"2\"><strong>J\u00e4hrliche Anforderungen<\/strong><\/td>\n<\/tr>\n<tr>\n<td>Jahresrendite<\/td>\n<td>Nein<\/td>\n<\/tr>\n<tr>\n<td>Einreichung der Buchhaltungsunterlagen erforderlich<\/td>\n<td>Ja<\/td>\n<\/tr>\n<tr>\n<td colspan=\"2\"><strong>Wiederkehrende Kosten<\/strong><\/td>\n<\/tr>\n<tr>\n<td>Mindest-Jahresgeb\u00fchr \/ Lizenzgeb\u00fchr<\/td>\n<td>AED 2,000<\/td>\n<\/tr>\n<tr>\n<td>J\u00e4hrliche Steuererkl\u00e4rungsgeb\u00fchr<\/td>\n<td>N\/A<\/td>\n<\/tr>\n<\/tbody>\n<\/table>\n","protected":false},"excerpt":{"rendered":"<p>HIGHLIGHTS EINER OFFSHORE-FIRMA IN RAS AL KHAIMAH Ausgezeichnetes Gesellschafts- und Aktienrecht Flexible Gesetzgebung f\u00fcr Unternehmen Keine Besteuerung f\u00fcr internationale Transaktionen und Banktransaktionen Keine Verordnungen bez\u00fcglich Devisenkontrolle Politische und wirtschaftliche Stabilit\u00e4t Hervorragendes Angebot an Hotelunterk\u00fcnften Ausgezeichnete weltweit vernetzte Kommunikationsm\u00f6glichkeiten Qualifiziertes Personal Keine Kapitalertrags- bzw. Einkommenssteuer oder sonstige Besteuerung ECKDATEN Allgemein Gesellschaftstyp Kapitalgesellschaft Politische Stabilit\u00e4t Ausgezeichnet Gewohnheits- [&hellip;]<\/p>\n","protected":false},"author":3,"featured_media":0,"parent":0,"menu_order":0,"comment_status":"closed","ping_status":"closed","template":"","meta":{"footnotes":""},"class_list":["post-713","page","type-page","status-publish","hentry"],"aioseo_notices":[],"_links":{"self":[{"href":"https:\/\/gws-offshore.com\/de\/wp-json\/wp\/v2\/pages\/713","targetHints":{"allow":["GET"]}}],"collection":[{"href":"https:\/\/gws-offshore.com\/de\/wp-json\/wp\/v2\/pages"}],"about":[{"href":"https:\/\/gws-offshore.com\/de\/wp-json\/wp\/v2\/types\/page"}],"author":[{"embeddable":true,"href":"https:\/\/gws-offshore.com\/de\/wp-json\/wp\/v2\/users\/3"}],"replies":[{"embeddable":true,"href":"https:\/\/gws-offshore.com\/de\/wp-json\/wp\/v2\/comments?post=713"}],"version-history":[{"count":4,"href":"https:\/\/gws-offshore.com\/de\/wp-json\/wp\/v2\/pages\/713\/revisions"}],"predecessor-version":[{"id":717,"href":"https:\/\/gws-offshore.com\/de\/wp-json\/wp\/v2\/pages\/713\/revisions\/717"}],"wp:attachment":[{"href":"https:\/\/gws-offshore.com\/de\/wp-json\/wp\/v2\/media?parent=713"}],"curies":[{"name":"wp","href":"https:\/\/api.w.org\/{rel}","templated":true}]}}