{"id":703,"date":"2019-03-13T08:57:55","date_gmt":"2019-03-13T08:57:55","guid":{"rendered":"http:\/\/gws-offshore.rhome.lv\/?page_id=703"},"modified":"2022-01-21T10:05:53","modified_gmt":"2022-01-21T09:05:53","slug":"dubai-offshore-firmengrundung","status":"publish","type":"page","link":"https:\/\/gws-offshore.com\/de\/dubai-offshore-firmengrundung\/","title":{"rendered":"Dubai Offshore Firmengr\u00fcndung (Ras al Khaimah)"},"content":{"rendered":"<p><img decoding=\"async\" class=\"size-full alignnone\" src=\"http:\/\/gws-offshore.rhome.lv\/wp-content\/uploads\/2019\/03\/gws-dubai-offshore-company.png\" alt=\"\" width=\"100%\" \/><\/p>\n<h4>Ihre Vorteile:<\/h4>\n<ul>\n<li>Wir gr\u00fcnden Ihre Offshore-Firma in Ras Al Khaimah (RAK) in 2-4 Tagen<\/li>\n<li>H\u00f6chstes Ma\u00df an Vertraulichkeit<\/li>\n<li>Exzellentes Image bei Banken, Beh\u00f6rden und Gesch\u00e4ftspartnern<\/li>\n<li>AED 2,000 j\u00e4hrliche Pauschalteuer (ca. 550 USD)<\/li>\n<li>Ein pers\u00f6nlicher Kundenberater \u2013 365 Tage im Jahr<\/li>\n<li>Ein garantiertes Bankkonto, Onlinebanking und Kreditkarte<\/li>\n<li>Aktienkapital muss nicht eingezahlt werden<\/li>\n<li>Anonyme Gr\u00fcndung mit Treuhandgesch\u00e4ftsf\u00fchrer und -gesellschafter (optional)<\/li>\n<li>Firmengr\u00fcndung ab\u00a0\u00a0<strong>3,290 USD<\/strong><\/li>\n<\/ul>\n<p><a class=\"btn btn-1\" href=\"\/de\/kontakt\/\"><i class=\"fas fa-phone\"><\/i> Kontakt<\/a>&nbsp;<a class=\"btn btn-1\" href=\"\/wp-content\/uploads\/2019\/03\/GWS_UAE_Offshore_en_2018.pdf\" target=\"_blank\"><i class=\"fas fa-download\"><\/i> FACTS &amp; TAX GUIDE (engl)<\/a>&nbsp;<\/p>\n<div class=\"box\"><\/p>\n<p><strong>Weitere Informationen:<\/strong><\/p>\n<ul>\n<li><a href=\"\/de\/daten-und-fakten-zu-offshore-firmen-in-dubai-rak\/\">Eckdaten zu Offshore-Firmen in Dubai (RAK)<\/a><\/li>\n<li><a href=\"\/wp-content\/uploads\/2019\/03\/RAK-International-Companies-Regulations-2006-a.pdf\">Ras Al Khaimah International Companies Regulations 2006<\/a> (PDF)<\/li>\n<li><a href=\"\/de\/gebuhrenubersicht-2\/\">Kosten\u00fcbersicht<\/a><\/li>\n<li><a href=\"\/wp-content\/uploads\/2019\/01\/GWS_Jurisdiction-Comparison-Chart-1.xlsx\">Vergleich der Standorte<\/a> (Excel)<\/li>\n<li>L\u00e4nderseite: <a href=\"http:\/\/www.dubai-offshore.com\/de\/\">www.dubai-offshore.com<\/a> (FIDELITY OFFSHORE EXPERT Middle East)<\/li>\n<\/ul>\n<p><\/div>\n<div id=\"erdyt-67abd320d6b86\" data-id=\"thoGl3a88jk\" class=\"erd-youtube-responsive\" style=\"display:block;position:relative;clear:both;width:100%;max-width:100%;margin-left:auto;margin-right:auto;\"><div style=\"padding-bottom:56.25%;\"><div class=\"erd-ytplay\" id=\"erdytp-thoGl3a88jk-67abd320d6b86\" data-vid=\"thoGl3a88jk\"   data-src=\"https:\/\/www.youtube.com\/embed\/thoGl3a88jk?loop=1&#038;autoplay=1&#038;rel=0\" data-allowfullscreen=\"true\"><img decoding=\"async\" src=\"https:\/\/i.ytimg.com\/vi\/thoGl3a88jk\/hqdefault.jpg\" alt=\"YouTube Video\" \/><\/div><\/div><\/div>\n<p>Ras al Khaimah (RAK) ist ein Emirat der Vereinigten Arabischen Emirate im Persischen Golf. Im\u00a0Gegensatz zu Dubai erm\u00f6glicht Ras al Khaimah auch ausl\u00e4ndischen Staatsb\u00fcrgern ohne Wohnsitz die Gr\u00fcndung einer Offshore-Firma in den Vereingten Arabischen Emiraten. Aus diesem Grund ben\u00f6tigen Firmengr\u00fcnder keinen Staatsb\u00fcrger der Vereinigten Arabischen Emirate als Gesellschafter. Offshore-Firmen in RAK sind dabei von allen Unternehmens- und Einkommensteuern befreit.<\/p>\n<p>Zu den gr\u00f6ssten Vorteilen als Offshore-Standort geh\u00f6ren, dass die Vereinigten Arabischen Ermirate \u201ewhite-listed\u201c sind sowie Doppelbesteuerungsabkommen mit \u00fcber 40 L\u00e4ndern unterzeichnet haben und es kein \u00f6ffentliches Firmenregister gibt.<\/p>\n<h4>Der Offshore-Standort Ras Al Khaimah eignet sich in erster Linie f\u00fcr:<\/h4>\n<ul>\n<li>Intellectual Property Management (IPM)<\/li>\n<li>Halten und Verwalten von beweglichen und unbeweglichen Verm\u00f6genswerten<\/li>\n<li>Beratungsdienstleistungen<\/li>\n<li>Nachfolgeregelungen<\/li>\n<li>Internationale Gesch\u00e4fte<\/li>\n<li>Finanzdienstleistungen<\/li>\n<\/ul>\n<h4>Gr\u00fcndungskosten f\u00fcr eine Offshore-Gesellschaft in Ras al Khaimah:<\/h4>\n<p>Wir gr\u00fcnden Ihre Offshore-Firma in Ras Al Khaimah bereits ab\u00a0<strong>3,290 USD<\/strong><\/p>\n<div id=\"erdyt-67abd320d6c73\" data-id=\"9iab3UggINg\" class=\"erd-youtube-responsive\" style=\"display:block;position:relative;clear:both;width:100%;max-width:100%;margin-left:auto;margin-right:auto;\"><div style=\"padding-bottom:56.25%;\"><div class=\"erd-ytplay\" id=\"erdytp-9iab3UggINg-67abd320d6c73\" data-vid=\"9iab3UggINg\"   data-src=\"https:\/\/www.youtube.com\/embed\/9iab3UggINg?loop=1&#038;autoplay=1&#038;rel=0\" data-allowfullscreen=\"true\"><img decoding=\"async\" src=\"https:\/\/i.ytimg.com\/vi\/9iab3UggINg\/hqdefault.jpg\" alt=\"YouTube Video\" \/><\/div><\/div><\/div>\n","protected":false},"excerpt":{"rendered":"<p>Ihre Vorteile: Wir gr\u00fcnden Ihre Offshore-Firma in Ras Al Khaimah (RAK) in 2-4 Tagen H\u00f6chstes Ma\u00df an Vertraulichkeit Exzellentes Image bei Banken, Beh\u00f6rden und Gesch\u00e4ftspartnern AED 2,000 j\u00e4hrliche Pauschalteuer (ca. 550 USD) Ein pers\u00f6nlicher Kundenberater \u2013 365 Tage im Jahr Ein garantiertes Bankkonto, Onlinebanking und Kreditkarte Aktienkapital muss nicht eingezahlt werden Anonyme Gr\u00fcndung mit Treuhandgesch\u00e4ftsf\u00fchrer [&hellip;]<\/p>\n","protected":false},"author":3,"featured_media":13,"parent":0,"menu_order":0,"comment_status":"closed","ping_status":"closed","template":"","meta":{"footnotes":""},"class_list":["post-703","page","type-page","status-publish","has-post-thumbnail","hentry"],"aioseo_notices":[],"_links":{"self":[{"href":"https:\/\/gws-offshore.com\/de\/wp-json\/wp\/v2\/pages\/703","targetHints":{"allow":["GET"]}}],"collection":[{"href":"https:\/\/gws-offshore.com\/de\/wp-json\/wp\/v2\/pages"}],"about":[{"href":"https:\/\/gws-offshore.com\/de\/wp-json\/wp\/v2\/types\/page"}],"author":[{"embeddable":true,"href":"https:\/\/gws-offshore.com\/de\/wp-json\/wp\/v2\/users\/3"}],"replies":[{"embeddable":true,"href":"https:\/\/gws-offshore.com\/de\/wp-json\/wp\/v2\/comments?post=703"}],"version-history":[{"count":8,"href":"https:\/\/gws-offshore.com\/de\/wp-json\/wp\/v2\/pages\/703\/revisions"}],"predecessor-version":[{"id":1458,"href":"https:\/\/gws-offshore.com\/de\/wp-json\/wp\/v2\/pages\/703\/revisions\/1458"}],"wp:featuredmedia":[{"embeddable":true,"href":"https:\/\/gws-offshore.com\/de\/wp-json\/wp\/v2\/media\/13"}],"wp:attachment":[{"href":"https:\/\/gws-offshore.com\/de\/wp-json\/wp\/v2\/media?parent=703"}],"curies":[{"name":"wp","href":"https:\/\/api.w.org\/{rel}","templated":true}]}}