{"id":654,"date":"2019-03-12T23:25:06","date_gmt":"2019-03-12T23:25:06","guid":{"rendered":"http:\/\/gws-offshore.rhome.lv\/?page_id=654"},"modified":"2019-03-12T23:44:09","modified_gmt":"2019-03-12T23:44:09","slug":"tiea-tax-information-exchange-agreements-2","status":"publish","type":"page","link":"https:\/\/gws-offshore.com\/de\/tiea-tax-information-exchange-agreements-2\/","title":{"rendered":"Steuerinformationsabkommen (TIEA)"},"content":{"rendered":"<p><em>Die OECD (Organisation f\u00fcr wirtschaftliche Zusammenarbeit und Entwicklung) entwarf das Steuerinformationsabkommen (englisch: Tax Information Exchange Agreement, TIEA), um es sogenannten Hochsteuerl\u00e4ndern zu erm\u00f6glichen, bei ausl\u00e4ndischen Banken Informationen \u00fcber Kunden anzufordern, die im Verdacht stehen, ihre finanziellen Mittel aus dem nationalen Bankensystem fernzuhalten. Viele Leute bef\u00fcrchten ein m\u00f6gliches Steuerinformationsabkommen zwischen dem Staat, in dem sie ihrem Wohnsitz haben, und dem Offshore-Land, in dem sie ein Bankkonto besitzen; aus diesem Grund erl\u00e4utern wir untenstehend die einzelnen Steuerinformationsabkommen (TIEA).<\/em>.\u00a0<a href=\"\/de\/tiea-und-offshorefirmen\/\">[weiterlesen]<\/a><\/p>\n<h3>Doppelbesteuerungsabkommen (DTC) und TIEA \u00dcbersicht<\/h3>\n<h4>Andorra<\/h4>\n<p><em>(Steuerinformationsabkommen\u00a0Andorra \/ TIEA)<\/em><\/p>\n<p>Argentinien, Australien, Belgien, D\u00e4nemark, Deutschland, F\u00e4r\u00f6er-Inseln, Finnland, Frankreich, Gr\u00f6nland, Island, Liechtenstein, Monaco, Niederlande, Norwegen, \u00d6sterreich, Polen, Portugal, San Marino, Schweden, Schweiz, Spanien, Tschechische Republik<\/p>\n<hr \/>\n<h4><strong>Anguilla<\/strong><\/h4>\n<p><em>(Steuerinformationsabkommen\u00a0Anguilla \/ TIEA)<\/em><\/p>\n<p>Australien, Belgien, Deutschland, D\u00e4nemark, Finnland, Frankreich, F\u00e4r\u00f6er-Inseln, Gr\u00f6nland, Irland, Island, Kanada, Neuseeland, Niederlande, Norwegen, Portugal, Schweden, Vereinigtes K\u00f6nigreich<\/p>\n<a href=\"\/de\/anguilla-offshore-firmengrundung\/\" class=\"i-block\"><i class=\"fas fa-info-circle\"><\/i> Weitere Informationen zu Anguilla<\/a>\n<hr \/>\n<h4>Antigua and Barbuda<\/h4>\n<p><em>(Steuerinformationsabkommen\u00a0Antigua \/ TIEA)<\/em><\/p>\n<p>Aruba, Australien, Barbados, Belgien, Belize, Curacao, Deutschland, Dominica, D\u00e4nemark, Finnland, Frankreich, F\u00e4r\u00f6er-Inseln, Grenada, Gr\u00f6nland, Guyana, Irland, Island, Jamaika, Liechtenstein, Niederlande, Norwegen, Portugal, Schweden, Schweiz, Sint Maarten, St. Kitts und Nevis, St. Lucia, St. Vincent und die Grenadinen, Trinidad und Tobago, USA, Vereinigtes K\u00f6nigreich<\/p>\n<hr \/>\n<h4><strong>Belize<\/strong><\/h4>\n<p><em>(Steuerinformationsabkommen\u00a0Belize \/ TIEA)<\/em><\/p>\n<p>Antigua und Barbuda, Australien, Barbados, Belgien, Dominica, D\u00e4nemark, Finnland, Frankreich, F\u00e4r\u00f6er-Inseln, Grenada, Gr\u00f6nland, Guyana, Indien, Irland, Island, Jamaika, Mexiko, Niederlande, Norwegen, \u00d6sterreich, Polen, Portugal, Schweden, St. Kitts und Nevis, St. Lucia, St. Vincent und die Grenadinen, S\u00fcdafrika, Trinidad und Tobago, Vereinigtes K\u00f6nigreich<\/p>\n<a href=\"\/de\/belize-offshore-firmengrundung\/\" class=\"i-block\"><i class=\"fas fa-info-circle\"><\/i> Weitere Informationen zu Belize<\/a>\n<hr \/>\n<h4><strong>BVI<\/strong><\/h4>\n<p><em>(Steuerinformationsabkommen\u00a0British Virgin Islands \/ TIEA)<\/em><\/p>\n<p>Aruba, Australien, China, Curacao, Deutschland, D\u00e4nemark, Finnland, Frankreich, F\u00e4r\u00f6er-Inseln, Gr\u00f6nland, Guernsey, Indien, Irland, Island, Kanada, Neuseeland, Niederlande, Norwegen, Polen, Portugal, Schweden, Schweiz, Sint Maarten, Tschechische Republik, USA, Vereinigtes K\u00f6nigreich<\/p>\n<a href=\"\/de\/british-virgin-islands-offshore-firmengrundung\/\" class=\"i-block\"><i class=\"fas fa-info-circle\"><\/i> Weitere Informationen zu die BVI<\/a>\n<hr \/>\n<h4><strong>Cayman Inseln<\/strong><\/h4>\n<p><em>(Steuerinformationsabkommen\u00a0Cayman Islands \/ TIEA)<\/em><\/p>\n<p>Argentinien, Aruba, Australien, Belgien, Brasilien, Kanada, China, Curacao, Tschechische Republik, D\u00e4nemark, F\u00e4r\u00f6er-Inseln, Finnland, Frankreich, Deutschland, Gr\u00f6nland, Guernsey, Island, Indien, Irland, Italien, Japan, Malta, Mexiko, Niederlande, Neuseeland, Norwegen, Polen, Portugal, Qatar, Seychellen, Sint Maarten, S\u00fcdafrika, Schweden, Vereinigtes K\u00f6nigreich, USA<\/p>\n<hr \/>\n<h4><strong>Dominica<\/strong><\/h4>\n<p><em>(Steuerinformationsabkommen\u00a0Dominica \/ TIEA)<\/em><\/p>\n<p>Antigua und Barbuda, Australien, Barbados, Belgien, Belize, Deutschland, D\u00e4nemark, Finnland, Frankreich, F\u00e4r\u00f6er-Inseln, Grenada, Gr\u00f6nland, Guyana, Irland, Island, Jamaika, Kanada, Neuseeland, Niederlande, Norwegen, Polen, Portugal, Schweden, Schweiz, St. Kitts und Nevis, St. Lucia, St. Vincent und die Grenadinen, S\u00fcdafrika, Trinidad und Tobago<\/p>\n<a href=\"\/de\/dominica-offshore-firmengrundung\/\" class=\"i-block\"><i class=\"fas fa-info-circle\"><\/i> Weitere Informationen zu Dominica<\/a>\n<hr \/>\n<h4><strong>Gibraltar<\/strong><\/h4>\n<p><em>(Steuerinformationsabkommen\u00a0Gibraltar \/ TIEA)<\/em><\/p>\n<p>Australien, Belgien, Deutschland, D\u00e4nemark, Finnland, Frankreich, F\u00e4r\u00f6er-Inseln, Griechenland, Gr\u00f6nland, Guernsey, Indien, Irland, Island, Italien, Malta, Mexiko, Neuseeland, Niederlande, Norwegen, \u00d6sterreich, Polen, Portugal, Schweden, S\u00fcdafrika, T\u00fcrkei, USA, Vereinigtes K\u00f6nigreich<\/p>\n<a href=\"\/de\/gibraltar-offshore-firmengrundung\/\" class=\"i-block\"><i class=\"fas fa-info-circle\"><\/i> Weitere Informationen zu Gibraltar<\/a>\n<hr \/>\n<h4><strong>Hong Kong<\/strong><\/h4>\n<p><em>(Steuerinformationsabkommen\u00a0Hong Kong \/ TIEA)<\/em><\/p>\n<p>Belgien, Brunei, China, Frankreich, Guernsey, Indonesien, Irland, Italien, Japan, Jersey, Kanada, Kuwait, Liechtenstein, Luxemburg, Malaysia, Malta, Mexiko, Neuseeland, Niederlande, \u00d6sterreich, Portugal, Qatar, Schweiz, Spanien, Thailand, Tschechische Republik, Ungarn, Vereinigtes K\u00f6nigreich, Vietnam<\/p>\n<a href=\"\/de\/hong-kong-firmengrundung\/\" class=\"i-block\"><i class=\"fas fa-info-circle\"><\/i> Weitere Informationen zu Hong Kong<\/a>\n<hr \/>\n<h4>Lettland<\/h4>\n<p><em>(Steuerinformationsabkommen Lettland \/ TIEA)<\/em><\/p>\n<p>Albanien, Armenien,\u00a0Aserbaidschan, Belgien, Bulgarien, China, D\u00e4nemark, Mazedonien, Estland, Finnland, Frankreich, Georgien, Guernsey, Indien, Irland, Island, Israel, Italien, Jersey, Kanada, Kasachstan, Kirgisistan, Korea, Kroatien, Kuwait, Litauen, Luxemburg, Malta, Marokko, Mexiko, Moldau, Montenegro, Niederlande, Norwegen, \u00d6sterreich, Polen, Portugal, Rum\u00e4nien, Russische F\u00f6deration,\u00a0Schweiz, \u00a0Schweden, Serbien, Singapur, Slowakei, Slowenien, Spanien, Tadschikistan, Tschechische Republik, T\u00fcrkei, Turkmenistan, Ukraine, Ungarn, USA, Usbekistan, Vereinigte Arabische Emirate, Vereinigtes K\u00f6nigreich,\u00a0Wei\u00dfrussland<\/p>\n<hr \/>\n<h4><strong>Liechtenstein<\/strong><\/h4>\n<p><em>(Steuerinformationsabkommen\u00a0Liechtenstein \/ TIEA)<\/em><\/p>\n<p>Andorra, Antigua und Barbuda, Australien, Belgien, Deutschland, D\u00e4nemark, Finnland, Frankreich, F\u00e4r\u00f6er-Inseln, Gr\u00f6nland, Guernsey, Hong Kong, Indien, Irland, Island, Japan, Kanada, Luxemburg, Malta, Mexiko, Monaco, Niederlande, Norwegen, \u00d6sterreich, San Marino, Schweden, Schweiz, Singapur, St. Kitts und Nevis, St. Vincent und die Grenadinen, S\u00fcdafrika, USA, Uruguay, Vereinigtes K\u00f6nigreich<\/p>\n<a href=\"\/de\/liechtenstein-firmengrundung\/\" class=\"i-block\"><i class=\"fas fa-info-circle\"><\/i> Weitere Informationen zu Liechtenstein<\/a>\n<hr \/>\n<h4>Luxemburg<\/h4>\n<p><em>(Steuerinformationsabkommen Luxemburg \/ TIEA)<\/em><\/p>\n<p>Albanien, Armenien, Aserbaidschan, Bahrain, Barbados, Belgien, Brasilien, Bulgarien, China, D\u00e4nemark, Deutschland, Estland, Finnland, Frankreich, Georgien, Griechenland, Guernsey, Hong Kong, Indien, Indonesien, Irland, Island, Isle of Man, Israel, Italien, Japan, Jersey, Kanada, Kasachstan, Korea, Kuwait, Laos, Lettland, Liechtenstein, Litauen, Malaysia, Malta, Marokko, Mauritius, Mazedonien, Mexiko, Moldawien, Monaco, Mongolei, Niederlande, Norwegen, \u00d6sterreich, Panama, Polen, Portugal, Rum\u00e4nien, Russische F\u00f6deration, San Marino, Saudi-Arabien, Schweden, Schweiz, Seychellen, Sierra Leone, Singapur, Slowakei, Slowenien, Spanien, Sri Lanka, S\u00fcdafrika, Tadschikistan, Taiwan, Thailand, Trinidad und Tobago, Tschechische Republik, Tunesien, T\u00fcrkei, Ukraine, Ungarn, USA, Usbekistan, Vereinigte Arabische Emirate, Vereinigtes K\u00f6nigreich, Vietnam<\/p>\n<hr \/>\n<h4><strong>Marshallinseln<\/strong><\/h4>\n<p><em>(Steuerinformationsabkommen\u00a0Marshallinseln \/ TIEA)<\/em><\/p>\n<p>Australien, D\u00e4nemark, F\u00e4r\u00f6er-Inseln, Finnland, Gr\u00f6nland, Irland, Island, Korea, Neuseeland, Niederlande, Norwegen, Schweden, USA, Vereinigtes K\u00f6nigreich<\/p>\n<hr \/>\n<h4><strong>Mauritius<\/strong><\/h4>\n<p><em>(Steuerinformationsabkommen\u00a0Mauritius \/ TIEA)<\/em><\/p>\n<p>Australien, Bangladesch, Barbados, Belgien, Botswana, China, D\u00e4nemark, Deutschland, F\u00e4r\u00f6er-Inseln, Finnland, Frankreich, Gabun, Gr\u00f6nland, Guernsey, Indien, Island, Italien, Kenia, Kongo(DR), Kongo, Kroatien, Kuwait, Lesotho, Luxemburg, Madagaskar, Malawi, Malaysia, Monaco, Mosambik, Namibia, Nepal, Nigeria, Norwegen, Oman, Pakistan, Qatar, Ruanda, Russland, Sambia, Schweden, Senegal, Seychellen, Simbabwe, Singapur, Sri Lanka, S\u00fcdafrika, Swasiland, Tansania, Thailand, Tunesien, Uganda, Vereinigte Arabische Emirate, Vereinigtes K\u00f6nigreich, Zypern<\/p>\n<a href=\"\/de\/mauritius-offshore-firmengrundung\/\" class=\"i-block\"><i class=\"fas fa-info-circle\"><\/i> Weitere Informationen zu Mauritius<\/a>\n<hr \/>\n<h4><strong>Panama<\/strong><\/h4>\n<p><em>(Steuerinformationsabkommen\u00a0Panama \/ TIEA)<\/em><\/p>\n<p>Barbados, D\u00e4nemark, Finnland, Frankreich, F\u00e4r\u00f6er-Inseln, Gr\u00f6nland, Irland, Island, Israel, Italien, Kanada, Korea, Luxemburg, Mexiko, Niederlande, Norwegen, Portugal, Qatar, Schweden, Singapur, Spanien, Tschechische Republik, USA, Vereinigte Arabische Emirate, Vereinigtes K\u00f6nigreich<\/p>\n<a href=\"\/de\/panama-offshore-firmengrundung\/\" class=\"i-block\"><i class=\"fas fa-info-circle\"><\/i> Weitere Informationen zu Panama<\/a>\n<hr \/>\n<h4><strong>Seychellen<\/strong><\/h4>\n<p><em>(Steuerinformationsabkommen\u00a0Seychellen \/ TIEA)<\/em><\/p>\n<p>\u00c4thiopien, Bahrain, Barbados, Belgien, Bermuda, Botswana, Cayman-Inseln, China, D\u00e4nemark, F\u00e4r\u00f6er-Inseln, Finnland, Gr\u00f6nland, Guernsey, Indonesien, Island, Isle of Man, Kuwait, Lesotho, Luxemburg, Malawi, Malaysia, Mauritius, Monaco, Niederlande, Norwegen, Oman, Qatar, Sambia, San Marino, Schweden, Schweiz, Simbabwe, Sri Lanka, S\u00fcdafrika, Swasiland, Thailand, Vereinigte Arabische Emirate, Vietnam, Zypern<\/p>\n<a href=\"\/de\/seychellen-offshore-firmengrundung\/\" class=\"i-block\"><i class=\"fas fa-info-circle\"><\/i> Weitere Informationen zu den Seychellen<\/a>\n<hr \/>\n<h4>Singapur<\/h4>\n<p><em>(Steuerinformationsabkommen Singapur \/ TIEA)<\/em><\/p>\n<p>Albanien, Australien, Bahrain, Bangladesch, Barbados, Belarus, Belgien, Bermuda, Brunei Darussalam, Bulgarien, China, D\u00e4nemark, Deutschland, Estland,\u00a0Fidschi, Finnland, Frankreich, Georgien, Guernsey, Indien, Indonesien, Irland, Isle of Man, Israel, Italien, Japan, Jersey, Kanada, Kasachstan, Korea, Kuwait, Lettland, Libyen, Liechtenstein, Litauen, Luxemburg, Malaysia, Malta, Marokko, Mauritius, Mexiko, Mongolei, Myanmar, Neuseeland, Niederlande, Norwegen, Oman, \u00d6sterreich, Pakistan, Panama, Papua-Neuguinea, Philippinen, Polen, Portugal, Rum\u00e4nien, Russische F\u00f6deration, San Marino, Saudi-Arabien, Schweden, Schweiz, Slowakei, Slowenien, Spanien, Sri Lanka, S\u00fcdafrika, Taiwan, Thailand, Tschechische Republik, T\u00fcrkei, Ukraine, Ungarn, Usbekistan, Vereinigte Arabische Emirate, Vereinigtes K\u00f6nigreich, Vietnam, Zypern<\/p>\n<hr \/>\n<h4>St. Vincent und die Grenadinen<\/h4>\n<p><em>(Steuerinformationsabkommen\u00a0St. Vincent \/ TIEA)<\/em><\/p>\n<p>Antigua und Barbuda, Aruba, Australien, Barbados, Belgien, Belize, Curacao, D\u00e4nemark, Deutschland, Dominica, F\u00e4r\u00f6er-Inseln, Finnland, Frankreich, Grenada, Gr\u00f6nland, Guyana, Irland, Island, Jamaika, Kanada, Liechtenstein, Neuseeland, Niederlande, Norwegen, \u00d6sterreich, Schweden, Sint Maarten, St. Kitts und Nevis, St. Lucia, Trinidad und Tobago, Vereinigtes K\u00f6nigreich<\/p>\n<hr \/>\n<h4><strong>Vereinigte Arabische Emirate<\/strong><\/h4>\n<p><em>(Steuerinformationsabkommen\u00a0UAE \/ TIEA)<\/em><\/p>\n<p>\u00c4gypten, Algerien, Arabische Republik Syrien, Armenien, Aserbaidschan, Bangladesch, Belarus, Belgien, Bosnien und Herzegowina, Brunei Darussalam, Bulgarien, China, Deutschland, Estland, Fidschi, Finnland, Frankreich, Georgien, Griechenland, Guinea, Indien, Indonesien, Irland, Italien, Japan, Jemen, Kanada, Kasachstan, Kenia, Korea, Lettland, Libanon, Libyen, Litauen, Luxemburg, Malaysia, Malta, Marokko, Mauritius, Mexiko, Mongolei, Montenegro, Mosambik, Neuseeland, Niederlande, \u00d6sterreich, Pakistan, Panama, Philippinen, Polen, Portugal, Rum\u00e4nien, Schweiz, Serbien, Seychellen, Singapur, Slowenien, Spanien, Sri Lanka, Sudan, Tadschikistan, Thailand, Tschechische Republik, Tunesien, Turkmenistan, T\u00fcrkei, Ukraine, Ungarn, Usbekistan, Venezuela, Vietnam, Zypern<\/p>\n<a href=\"\/de\/dubai-offshore-firmengrundung\/\" class=\"i-block\"><i class=\"fas fa-info-circle\"><\/i> Weitere Informationen zu Dubai \/ RAK<\/a>\n<hr \/>\n<h4><strong>Zypern<\/strong><\/h4>\n<p><em>(Steuerinformationsabkommen\u00a0Zypern\u00a0\/ TIEA)<\/em><\/p>\n<p>\u00c4gypten, Armenien, Belgien, Bulgarien, China, Deutschland, D\u00e4nemark, Estland, Finnland, Frankreich, Griechenland, Guernsey, Indien, Irland, Italien, Kanada, Katar, Kuwait, Libanon, Litauen, Malta, Mauritius, Moldawien, Montenegro, Norwegen, \u00d6sterreich, Polen, Portugal, Rum\u00e4nien, Russische F\u00f6deration, San Marino, Schweden, Serbien, Seychellen, Singapur, Slowakei, Slowenien, Spanien, Syrien, S\u00fcdafrika, Tadschikistan, Thailand, Tschechische Republik, Turkmenistan, Ukraine, Ungarn, USA, Vereinigte Arabische Emirate, Vereinigtes K\u00f6nigreich, Wei\u00dfrussland<\/p>\n<a href=\"\/de\/zypern-firmengrundung\/\" class=\"i-block\"><i class=\"fas fa-info-circle\"><\/i> Weitere Informationen zu Zypern<\/a>\n","protected":false},"excerpt":{"rendered":"<p>Die OECD (Organisation f\u00fcr wirtschaftliche Zusammenarbeit und Entwicklung) entwarf das Steuerinformationsabkommen (englisch: Tax Information Exchange Agreement, TIEA), um es sogenannten Hochsteuerl\u00e4ndern zu erm\u00f6glichen, bei ausl\u00e4ndischen Banken Informationen \u00fcber Kunden anzufordern, die im Verdacht stehen, ihre finanziellen Mittel aus dem nationalen Bankensystem fernzuhalten. Viele Leute bef\u00fcrchten ein m\u00f6gliches Steuerinformationsabkommen zwischen dem Staat, in dem sie ihrem [&hellip;]<\/p>\n","protected":false},"author":3,"featured_media":0,"parent":0,"menu_order":0,"comment_status":"closed","ping_status":"closed","template":"","meta":{"footnotes":""},"class_list":["post-654","page","type-page","status-publish","hentry"],"aioseo_notices":[],"_links":{"self":[{"href":"https:\/\/gws-offshore.com\/de\/wp-json\/wp\/v2\/pages\/654","targetHints":{"allow":["GET"]}}],"collection":[{"href":"https:\/\/gws-offshore.com\/de\/wp-json\/wp\/v2\/pages"}],"about":[{"href":"https:\/\/gws-offshore.com\/de\/wp-json\/wp\/v2\/types\/page"}],"author":[{"embeddable":true,"href":"https:\/\/gws-offshore.com\/de\/wp-json\/wp\/v2\/users\/3"}],"replies":[{"embeddable":true,"href":"https:\/\/gws-offshore.com\/de\/wp-json\/wp\/v2\/comments?post=654"}],"version-history":[{"count":11,"href":"https:\/\/gws-offshore.com\/de\/wp-json\/wp\/v2\/pages\/654\/revisions"}],"predecessor-version":[{"id":669,"href":"https:\/\/gws-offshore.com\/de\/wp-json\/wp\/v2\/pages\/654\/revisions\/669"}],"wp:attachment":[{"href":"https:\/\/gws-offshore.com\/de\/wp-json\/wp\/v2\/media?parent=654"}],"curies":[{"name":"wp","href":"https:\/\/api.w.org\/{rel}","templated":true}]}}