{"id":64,"date":"2018-11-27T15:43:49","date_gmt":"2018-11-27T15:43:49","guid":{"rendered":"http:\/\/gws-offshore.rhome.lv\/?page_id=64"},"modified":"2019-01-22T18:03:08","modified_gmt":"2019-01-22T18:03:08","slug":"vermogensverwaltung","status":"publish","type":"page","link":"https:\/\/gws-offshore.com\/de\/vermogensverwaltung\/","title":{"rendered":"Verm\u00f6gensverwaltung"},"content":{"rendered":"<p>Unsere verm\u00f6genden Klienten verbindet der Wunsch nach einem erfahrenen Partner zur Entwicklung einer langfristigen Strategie f\u00fcr die Wahrung und Mehrung ihres Verm\u00f6gens, und nach erstklassiger Beratungsleistung. Die\u00a0<strong>FIDELITY OFFSHORE EXPERT Group<\/strong>\u00a0b\u00fcndelt interne und externe Kompetenzen und agiert als strategischer Berater hinsichtlich der Empfehlung einer seri\u00f6sen, internationalen Verm\u00f6gensverwaltung oder Bank, und nutzt dabei ein umfangreiches, internationales Netzwerk.<\/p>\n<p><strong>Aufgrund der Zusammenarbeit mit erstklassigen Finanzdiensleistern bieten wir unseren Klienten die M\u00f6glichkeit der Verm\u00f6gensveranlagung in unterschiedlichen Jurisdiktionen:<\/strong><\/p>\n<ul>\n<li>Private Banking Liechtenstein<\/li>\n<li>Private Banking Schweiz<\/li>\n<li>Private Banking Monaco<\/li>\n<li>Private Banking London<\/li>\n<li>Private Banking Singapur<\/li>\n<li>Private Banking British Virgin Islands<\/li>\n<\/ul>\n<div>\n<div><a  class=\"i-block\"><i class=\"fas fa-info-circle\"><\/i> Bitte beachten Sie, dass je nach Jurisdiktion und Bank die Anlagesumme bei mindestens 250.000 Euro liegt.<\/a><\/div>\n<div>\n<div>\n<div><a href=\"\/de\/kontakt\/\" class=\"i-block\"><i class=\"fas fa-info-circle\"><\/i> Ihr pers\u00f6nlicher Kundenberater ber\u00e4t Sie gerne zum Thema Private Banking<\/a><\/div>\n<\/div>\n<\/div>\n<\/div>\n","protected":false},"excerpt":{"rendered":"<p>Unsere verm\u00f6genden Klienten verbindet der Wunsch nach einem erfahrenen Partner zur Entwicklung einer langfristigen Strategie f\u00fcr die Wahrung und Mehrung ihres Verm\u00f6gens, und nach erstklassiger Beratungsleistung. Die\u00a0FIDELITY OFFSHORE EXPERT Group\u00a0b\u00fcndelt interne und externe Kompetenzen und agiert als strategischer Berater hinsichtlich der Empfehlung einer seri\u00f6sen, internationalen Verm\u00f6gensverwaltung oder Bank, und nutzt dabei ein umfangreiches, internationales Netzwerk. Aufgrund der [&hellip;]<\/p>\n","protected":false},"author":3,"featured_media":0,"parent":0,"menu_order":0,"comment_status":"closed","ping_status":"closed","template":"","meta":{"footnotes":""},"class_list":["post-64","page","type-page","status-publish","hentry"],"aioseo_notices":[],"_links":{"self":[{"href":"https:\/\/gws-offshore.com\/de\/wp-json\/wp\/v2\/pages\/64","targetHints":{"allow":["GET"]}}],"collection":[{"href":"https:\/\/gws-offshore.com\/de\/wp-json\/wp\/v2\/pages"}],"about":[{"href":"https:\/\/gws-offshore.com\/de\/wp-json\/wp\/v2\/types\/page"}],"author":[{"embeddable":true,"href":"https:\/\/gws-offshore.com\/de\/wp-json\/wp\/v2\/users\/3"}],"replies":[{"embeddable":true,"href":"https:\/\/gws-offshore.com\/de\/wp-json\/wp\/v2\/comments?post=64"}],"version-history":[{"count":3,"href":"https:\/\/gws-offshore.com\/de\/wp-json\/wp\/v2\/pages\/64\/revisions"}],"predecessor-version":[{"id":397,"href":"https:\/\/gws-offshore.com\/de\/wp-json\/wp\/v2\/pages\/64\/revisions\/397"}],"wp:attachment":[{"href":"https:\/\/gws-offshore.com\/de\/wp-json\/wp\/v2\/media?parent=64"}],"curies":[{"name":"wp","href":"https:\/\/api.w.org\/{rel}","templated":true}]}}