{"id":60,"date":"2018-11-27T15:43:04","date_gmt":"2018-11-27T15:43:04","guid":{"rendered":"http:\/\/gws-offshore.rhome.lv\/?page_id=60"},"modified":"2019-01-22T17:50:13","modified_gmt":"2019-01-22T17:50:13","slug":"offshore-banking","status":"publish","type":"page","link":"https:\/\/gws-offshore.com\/de\/offshore-banking\/","title":{"rendered":"Offshore Banking"},"content":{"rendered":"<p>Die\u00a0<strong>FIDELITY OFFSHORE EXPERT Group<\/strong>\u00a0pflegt ein gro\u00dfes Netzwerk an Partnerbanken an allen namhaften Offshore-Standorten und dar\u00fcberhinaus. Unsere enge, langj\u00e4hrige Partnerschaft erm\u00f6glicht uns, zu jeder WOffshoregesellschaft oder Stiftung die Einrichtung eines\u00a0<strong>Gesch\u00e4ftskontos garantieren<\/strong>\u00a0zu k\u00f6nnen.<\/p>\n<div>\n<div><a href=\"\/de\/kontakt\/\" class=\"i-block\"><i class=\"fas fa-info-circle\"><\/i> Kontaktieren Sie uns, um unsere Liste an Partnerbanken zu erhalten<\/a><\/div>\n<div>\n<p>Dabei begleiten wir unsere Kunden durch den gesamten Prozess der Kontoer\u00f6ffnung, bis Sie \u00fcber Ihr Gesch\u00e4ftskonto verf\u00fcgen k\u00f6nnen. Dar\u00fcberhinaus bieten einige Banken \u201eMerchant Services\u201c an, welche Ihnen die Akzeptanz von Kreditkarten\u00a0<em>(VISA, MasterCard, American Express, Diners Club, Maestro und JCB)<\/em>\u00a0erm\u00f6glichen.<\/p>\n<p><strong>Unsere Netzwerk an Partnerbanken ist an folgenden Standorten pr\u00e4sent:<\/strong><\/p>\n<ul>\n<li>Andorra<\/li>\n<li>Belize<\/li>\n<li>Cayman Islands<\/li>\n<li>St. Vincent and the Grenadines<\/li>\n<li>Mauritius<\/li>\n<li>Malta (EU)<\/li>\n<li>Latvia (EU)<\/li>\n<li>Austria (EU)<\/li>\n<li>Switzerland<\/li>\n<li>Liechtenstein (EEA)<\/li>\n<li>Singapore<\/li>\n<li>Seychelles<\/li>\n<li>Monaco<\/li>\n<\/ul>\n<p><strong>First Class Banking:<br \/>\n<\/strong><\/p>\n<ul>\n<li>H\u00f6chste Sicherheit: Nur Sie haben Zugriff auf Ihr Bankkonto<\/li>\n<li>Keine Schufa- und Bonit\u00e4tsauskunft<\/li>\n<li>Strenges Bankgeheimnis<\/li>\n<li>Kontow\u00e4hrung wahlweise in EUR, USD, GBP, CHF, YEN<\/li>\n<li>\u00dcberweisungen direkt oder \u00fcber Korrespondenzkonten per IBAN und BIC<\/li>\n<li>Verm\u00f6gensverwaltung und Portfoliomanagement<\/li>\n<li>Direkter Zugang zum weltweiten SWIFT-System<\/li>\n<li>Zugang zu Online- und Telefon Banking<\/li>\n<li>Ausgabe von Debit- und Kreditkarten<\/li>\n<li>Merchant Services zur Akzeptanz von Kreditkarten in Ihrem Onlineshop<\/li>\n<\/ul>\n<div>\n<div><a href=\"\/de\/kontakt\/\" class=\"i-block\"><i class=\"fas fa-info-circle\"><\/i> Ihr pers\u00f6nlicher Kundenberater ber\u00e4t Sie gerne zum Thema Offshore Banking<\/a><\/div>\n<\/div>\n<\/div>\n<\/div>\n","protected":false},"excerpt":{"rendered":"<p>Die\u00a0FIDELITY OFFSHORE EXPERT Group\u00a0pflegt ein gro\u00dfes Netzwerk an Partnerbanken an allen namhaften Offshore-Standorten und dar\u00fcberhinaus. Unsere enge, langj\u00e4hrige Partnerschaft erm\u00f6glicht uns, zu jeder WOffshoregesellschaft oder Stiftung die Einrichtung eines\u00a0Gesch\u00e4ftskontos garantieren\u00a0zu k\u00f6nnen. Dabei begleiten wir unsere Kunden durch den gesamten Prozess der Kontoer\u00f6ffnung, bis Sie \u00fcber Ihr Gesch\u00e4ftskonto verf\u00fcgen k\u00f6nnen. Dar\u00fcberhinaus bieten einige Banken \u201eMerchant Services\u201c an, welche [&hellip;]<\/p>\n","protected":false},"author":3,"featured_media":0,"parent":0,"menu_order":0,"comment_status":"closed","ping_status":"closed","template":"","meta":{"footnotes":""},"class_list":["post-60","page","type-page","status-publish","hentry"],"aioseo_notices":[],"_links":{"self":[{"href":"https:\/\/gws-offshore.com\/de\/wp-json\/wp\/v2\/pages\/60","targetHints":{"allow":["GET"]}}],"collection":[{"href":"https:\/\/gws-offshore.com\/de\/wp-json\/wp\/v2\/pages"}],"about":[{"href":"https:\/\/gws-offshore.com\/de\/wp-json\/wp\/v2\/types\/page"}],"author":[{"embeddable":true,"href":"https:\/\/gws-offshore.com\/de\/wp-json\/wp\/v2\/users\/3"}],"replies":[{"embeddable":true,"href":"https:\/\/gws-offshore.com\/de\/wp-json\/wp\/v2\/comments?post=60"}],"version-history":[{"count":3,"href":"https:\/\/gws-offshore.com\/de\/wp-json\/wp\/v2\/pages\/60\/revisions"}],"predecessor-version":[{"id":386,"href":"https:\/\/gws-offshore.com\/de\/wp-json\/wp\/v2\/pages\/60\/revisions\/386"}],"wp:attachment":[{"href":"https:\/\/gws-offshore.com\/de\/wp-json\/wp\/v2\/media?parent=60"}],"curies":[{"name":"wp","href":"https:\/\/api.w.org\/{rel}","templated":true}]}}