{"id":529,"date":"2019-03-04T18:49:35","date_gmt":"2019-03-04T18:49:35","guid":{"rendered":"http:\/\/gws-offshore.rhome.lv\/?page_id=529"},"modified":"2022-01-21T09:21:25","modified_gmt":"2022-01-21T08:21:25","slug":"dominica-offshore-firmengrundung","status":"publish","type":"page","link":"https:\/\/gws-offshore.com\/de\/dominica-offshore-firmengrundung\/","title":{"rendered":"Dominica Offshore Firmengr\u00fcndung"},"content":{"rendered":"<p><img decoding=\"async\" class=\"size-full alignnone\" src=\"\/wp-content\/uploads\/2019\/03\/dominica.png\" alt=\"\" width=\"100%\" \/><\/p>\n<h4><strong>Ihre Vorteile:<\/strong><\/h4>\n<ul>\n<li>Wir gr\u00fcnden Ihre Offshore-Firma in Dominica in nur 1-3 Tagen<\/li>\n<li>H\u00f6chstes Ma\u00df an Vertraulichkeit<\/li>\n<li>Ein pers\u00f6nlicher Kundenberater \u2013 365 Tage im Jahr<\/li>\n<li>Ein garantiertes Bankkonto, Onlinebanking und Kreditkarte<\/li>\n<li>Aktienkapital muss nicht eingezahlt werden<\/li>\n<li>Anonyme Gr\u00fcndung mit Treuhandgesch\u00e4ftsf\u00fchrer und -gesellschafter (optional)<\/li>\n<li>Gr\u00fcndungsgeb\u00fchr:\u00a0<strong>1,250 USD<\/strong><\/li>\n<\/ul>\n<div><a class=\"btn btn-1\" href=\"\/de\/kontakt\/\"><i class=\"fas fa-phone\"><\/i> Kontakt<\/a>&nbsp;<\/div>\n<div class=\"box\"><\/p>\n<p><strong>Weitere Informationen:<\/strong><\/p>\n<ul>\n<li><a href=\"\/de\/daten-und-fakten-zu-offshore-firmen-in-dominica\/\">Eckdaten zu Offshore-Firmen in Dominica<\/a><\/li>\n<li><a href=\"\/wp-content\/uploads\/2019\/03\/DominicaInternationalBusinessCompaniesActact10-1996.pdf\">Dominica International Company Act<\/a> (PDF)<\/li>\n<li><a href=\"\/de\/gebuhrenubersicht-2\/\">Kosten\u00fcbersicht<\/a><\/li>\n<li><a href=\"\/wp-content\/uploads\/2019\/01\/GWS_Jurisdiction-Comparison-Chart-1.xlsx\">Vergleich der Standorte<\/a> (Excel)<\/li>\n<\/ul>\n<p><\/div>\n<p>Das in der Karibik gelegene Commonwealth von Dominica ist eine Insel der Kleinen Antillen, s\u00fcd-s\u00fcd\u00f6stlich von Guadeloupe und Martinique.<\/p>\n<p>Dominica ist eine parlamentarische Demokratie mit einer Bev\u00f6lkerung von ca. 72,000 Einwohnern (2011 Zensus), und hat sich in den letzten Jahren zu einem hervorragenden Offshore-Standort entwickelt, mit h\u00f6chsten gesetzlich festgelegten Vertraulichkeits- und Datenschutzstandards.<\/p>\n<p>Die nationale Gesetzgebung erlaubt Gesellschaftsgr\u00fcndungen innerhalb des IBC-Modells. Dominica hat keine Doppelbesteuerungsabkommen mit anderen Staaten.<\/p>\n<p>Der kleine Inselstaat ist eine attraktiver Offshore-Standort, da es f\u00fcr Unternehmen keine Besteuerung gibt, sondern lediglich eine beh\u00f6rdliche Jahresgeb\u00fchr. Dominica bietet f\u00fcr Offshore-Unternehmen mindestens zwanzig Jahre Steuerfreiheit ab Registrierungsdatum. Die Unternehmen sind nicht verpflichtet, ihre Buchhaltung bei den Beh\u00f6rden einzureichen. Folgende Endungen sind unter anderem m\u00f6glich und deuten auf die beschr\u00e4nkte Haftung hin: Ltd., Corp., Inc., SA, NV oder GmbH.<\/p>\n<p>Die Regierung f\u00f6rdert die Entwicklung eines Offshore Finanzdienstleistungssektors, sowie die Unternehmens- und Bankregistrierung und Online-Gl\u00fccksspielindustrie. Die wirtschaftlichen Eigent\u00fcmer einer Offshore-Gesellschaft werden den Beh\u00f6rden nicht offen gelegt.<\/p>\n<h4><strong>Der Offshore-Standort Dominica eignet sich besonders f\u00fcr:<\/strong><\/h4>\n<ul>\n<li>Internethandel, Online-Gl\u00fccksspiele<\/li>\n<li>Internationale Unternehmen<\/li>\n<li>Bankregistrierungen<\/li>\n<li>Halten und Verwalten von beweglichen und unbeweglichen Verm\u00f6genswerten<\/li>\n<li>B\u00f6rsenmakler \/ Forex<\/li>\n<li>Erbschaftsvorsorge<\/li>\n<\/ul>\n<h4>Gr\u00fcndungskosten einer Offshore-Gesellschaft in Dominica:<\/h4>\n<p>Gr\u00fcnden Sie Ihre Offshore-Firma in Dominica bereits ab\u00a0<strong>1,250 USD<\/strong>\u00a0oder erwerben Sie eine bereits bestehende Vorratsgesellschaft in Dominica.<\/p>\n<a href=\"\/de\/dubai-offshore-firmengrundung\/\" class=\"i-block\"><i class=\"fas fa-info-circle\"><\/i> Aufgrund der juristischen und steuerlichen Gestaltungsm\u00f6glichkeiten sowie der ausgezeichneten Reputation empfehlen wir unseren Mandanten eine Firmengr\u00fcndung in den Vereinigten Arabischen Emiraten.<\/a>\n","protected":false},"excerpt":{"rendered":"<p>Ihre Vorteile: Wir gr\u00fcnden Ihre Offshore-Firma in Dominica in nur 1-3 Tagen H\u00f6chstes Ma\u00df an Vertraulichkeit Ein pers\u00f6nlicher Kundenberater \u2013 365 Tage im Jahr Ein garantiertes Bankkonto, Onlinebanking und Kreditkarte Aktienkapital muss nicht eingezahlt werden Anonyme Gr\u00fcndung mit Treuhandgesch\u00e4ftsf\u00fchrer und -gesellschafter (optional) Gr\u00fcndungsgeb\u00fchr:\u00a01,250 USD Das in der Karibik gelegene Commonwealth von Dominica ist eine Insel [&hellip;]<\/p>\n","protected":false},"author":3,"featured_media":0,"parent":0,"menu_order":0,"comment_status":"closed","ping_status":"closed","template":"","meta":{"footnotes":""},"class_list":["post-529","page","type-page","status-publish","hentry"],"aioseo_notices":[],"_links":{"self":[{"href":"https:\/\/gws-offshore.com\/de\/wp-json\/wp\/v2\/pages\/529","targetHints":{"allow":["GET"]}}],"collection":[{"href":"https:\/\/gws-offshore.com\/de\/wp-json\/wp\/v2\/pages"}],"about":[{"href":"https:\/\/gws-offshore.com\/de\/wp-json\/wp\/v2\/types\/page"}],"author":[{"embeddable":true,"href":"https:\/\/gws-offshore.com\/de\/wp-json\/wp\/v2\/users\/3"}],"replies":[{"embeddable":true,"href":"https:\/\/gws-offshore.com\/de\/wp-json\/wp\/v2\/comments?post=529"}],"version-history":[{"count":6,"href":"https:\/\/gws-offshore.com\/de\/wp-json\/wp\/v2\/pages\/529\/revisions"}],"predecessor-version":[{"id":1456,"href":"https:\/\/gws-offshore.com\/de\/wp-json\/wp\/v2\/pages\/529\/revisions\/1456"}],"wp:attachment":[{"href":"https:\/\/gws-offshore.com\/de\/wp-json\/wp\/v2\/media?parent=529"}],"curies":[{"name":"wp","href":"https:\/\/api.w.org\/{rel}","templated":true}]}}