{"id":52,"date":"2018-11-27T15:38:50","date_gmt":"2018-11-27T15:38:50","guid":{"rendered":"http:\/\/gws-offshore.rhome.lv\/?page_id=52"},"modified":"2022-05-23T09:39:37","modified_gmt":"2022-05-23T07:39:37","slug":"gebuhrenubersicht-2","status":"publish","type":"page","link":"https:\/\/gws-offshore.com\/de\/gebuhrenubersicht-2\/","title":{"rendered":"Geb\u00fchren\u00fcbersicht"},"content":{"rendered":"<p><strong>Bitte kontaktieren Sie uns f\u00fcr die aktuellen Preise in Euro, CHF oder GBP.<\/strong><\/p>\n<h4>OFFSHORE FIRMENGR\u00dcNDUNGEN<\/h4>\n<table>\n<tbody>\n<tr>\n<td colspan=\"2\"><strong>Firmengr\u00fcndung\u00a0<\/strong><em>(inkl. der gesamten Kosten f\u00fcr das laufende Kalenderjahr)<\/em><strong><br \/>\n<\/strong><\/td>\n<td><strong><em>J\u00e4hrliche Kosten\u00a0<\/em><\/strong><em>(ab dem zweiten Jahr, f\u00e4llig zum Verl\u00e4ngerungsdatum)*<\/em><em><br \/>\n<\/em><\/td>\n<\/tr>\n<tr>\n<td><a title=\"Belize Offshore Firmengr\u00fcndung\" href=\"\/belize-offshore-company\/\">Belize<\/a><\/td>\n<td>ab 890 USD<\/td>\n<td>890 USD**<\/td>\n<\/tr>\n<tr>\n<td><a title=\"Seychellen Offshore Firmengr\u00fcndung\" href=\"\/seychelles-offshore-company\/\">Seychellen<\/a><\/td>\n<td>ab 950 USD<\/td>\n<td>890 USD<\/td>\n<\/tr>\n<tr>\n<td><a title=\"Anguilla Offshore Firmengr\u00fcndung\" href=\"\/anguilla-offshore-company\/\">Anguilla<\/a><\/td>\n<td>ab \u00a0950 USD<\/td>\n<td>920 USD<\/td>\n<\/tr>\n<tr>\n<td><a href=\"\/de\/british-virgin-islands-offshore-firmengrundung\/\">British Virgin Islands (BVI)<\/a><\/td>\n<td>ab 1,290 USD<\/td>\n<td>1,290\u00a0USD<\/td>\n<\/tr>\n<tr>\n<td><a href=\"\/de\/marshallinseln-offshore-firmengrundung\/\">Marshallinseln<\/a><\/td>\n<td>ab 1,390 USD<\/td>\n<td>1,090\u00a0USD<\/td>\n<\/tr>\n<tr>\n<td>Samoa<\/td>\n<td>ab 1,390 USD<\/td>\n<td>1,090\u00a0USD<\/td>\n<\/tr>\n<tr>\n<td><a href=\"\/de\/panama-offshore-firmengrundung\/\">Panama<\/a><\/td>\n<td>ab 1,490 USD<\/td>\n<td>1,190\u00a0USD<\/td>\n<\/tr>\n<tr>\n<td>Lettland<\/td>\n<td>ab 1,950 USD<\/td>\n<td>1,690 USD<\/td>\n<\/tr>\n<tr>\n<td>Bahamas<\/td>\n<td>ab\u00a01,790 USD<\/td>\n<td>1,590 USD<\/td>\n<\/tr>\n<tr>\n<td>St. Kitts and Nevis<\/td>\n<td>ab\u00a01,790 USD<\/td>\n<td>1,390 USD<\/td>\n<\/tr>\n<tr>\n<td><a href=\"\/de\/hong-kong-firmengrundung\/\">Hong Kong<\/a><\/td>\n<td>ab 1,990 USD<\/td>\n<td>1,890 USD<\/td>\n<\/tr>\n<tr>\n<td><a href=\"\/de\/gibraltar-offshore-firmengrundung\/\">Gibraltar<\/a><\/td>\n<td>ab 2,690\u00a0USD<\/td>\n<td>2,690\u00a0USD<em><br \/>\n<\/em><\/td>\n<\/tr>\n<tr>\n<td><a href=\"\/de\/dubai-offshore-firmengrundung\/\">Dubai (RAK IBC)<\/a><\/td>\n<td>ab 3,290\u00a0USD<\/td>\n<td>3,090 USD<em><br \/>\n<\/em><\/td>\n<\/tr>\n<tr>\n<td><a href=\"\/de\/firmengruendung-in-schottland\/\">Schottland<\/a><\/td>\n<td>3,990 USD<\/td>\n<td>3,990\u00a0USD<em><br \/>\n<\/em><\/td>\n<\/tr>\n<tr>\n<td>Cayman Islands<\/td>\n<td>ab\u00a05,300 USD<\/td>\n<td>2,990\u00a0USD<em><br \/>\n<\/em><\/td>\n<\/tr>\n<tr>\n<td><a href=\"\/de\/liechtenstein-firmengrundung\/\">Liechtenstein<\/a><\/td>\n<td>ab 5,490\u00a0USD<\/td>\n<td>4,990\u00a0USD<em><br \/>\n<\/em><\/td>\n<\/tr>\n<tr>\n<td><a href=\"\/de\/firmengruendung-in-der-schweiz\/\">Schweiz<\/a><\/td>\n<td>ab 5,490\u00a0USD<\/td>\n<td>4,990\u00a0USD<em><br \/>\n<\/em><\/td>\n<\/tr>\n<tr>\n<td>Dubai (RAK Freezone)<\/td>\n<td>ab 6,990 USD<\/td>\n<td>ab 6,990 USD<em><br \/>\n<\/em><\/td>\n<\/tr>\n<\/tbody>\n<\/table>\n<p><em>* J\u00e4hrliche Kosten ohne Due Diligence<\/em><br \/>\n<em>** pro Kalenderjahr (Januar \u2013 Dezember)<\/em><\/p>\n<h4><strong>Vollst\u00e4ndige Preiseliste:<\/strong><\/h4>\n<a class=\"btn btn-1\" href=\"\/wp-content\/uploads\/2022\/05\/GWS_Fee_Schedule_JAN_2022.pdf\" target=\"_blank\"><i class=\"fas fa-download\"><\/i> Kosten\u00fcbersicht (USD)<\/a>&nbsp;\n","protected":false},"excerpt":{"rendered":"<p>Bitte kontaktieren Sie uns f\u00fcr die aktuellen Preise in Euro, CHF oder GBP. OFFSHORE FIRMENGR\u00dcNDUNGEN Firmengr\u00fcndung\u00a0(inkl. der gesamten Kosten f\u00fcr das laufende Kalenderjahr) J\u00e4hrliche Kosten\u00a0(ab dem zweiten Jahr, f\u00e4llig zum Verl\u00e4ngerungsdatum)* Belize ab 890 USD 890 USD** Seychellen ab 950 USD 890 USD Anguilla ab \u00a0950 USD 920 USD British Virgin Islands (BVI) ab 1,290 [&hellip;]<\/p>\n","protected":false},"author":3,"featured_media":0,"parent":0,"menu_order":0,"comment_status":"closed","ping_status":"closed","template":"","meta":{"footnotes":""},"class_list":["post-52","page","type-page","status-publish","hentry"],"aioseo_notices":[],"_links":{"self":[{"href":"https:\/\/gws-offshore.com\/de\/wp-json\/wp\/v2\/pages\/52","targetHints":{"allow":["GET"]}}],"collection":[{"href":"https:\/\/gws-offshore.com\/de\/wp-json\/wp\/v2\/pages"}],"about":[{"href":"https:\/\/gws-offshore.com\/de\/wp-json\/wp\/v2\/types\/page"}],"author":[{"embeddable":true,"href":"https:\/\/gws-offshore.com\/de\/wp-json\/wp\/v2\/users\/3"}],"replies":[{"embeddable":true,"href":"https:\/\/gws-offshore.com\/de\/wp-json\/wp\/v2\/comments?post=52"}],"version-history":[{"count":9,"href":"https:\/\/gws-offshore.com\/de\/wp-json\/wp\/v2\/pages\/52\/revisions"}],"predecessor-version":[{"id":1497,"href":"https:\/\/gws-offshore.com\/de\/wp-json\/wp\/v2\/pages\/52\/revisions\/1497"}],"wp:attachment":[{"href":"https:\/\/gws-offshore.com\/de\/wp-json\/wp\/v2\/media?parent=52"}],"curies":[{"name":"wp","href":"https:\/\/api.w.org\/{rel}","templated":true}]}}