{"id":513,"date":"2019-03-04T18:32:55","date_gmt":"2019-03-04T18:32:55","guid":{"rendered":"http:\/\/gws-offshore.rhome.lv\/?page_id=513"},"modified":"2019-03-04T18:34:42","modified_gmt":"2019-03-04T18:34:42","slug":"daten-und-fakten-zu-offshore-firmen-auf-den-british-virgin-islands","status":"publish","type":"page","link":"https:\/\/gws-offshore.com\/de\/daten-und-fakten-zu-offshore-firmen-auf-den-british-virgin-islands\/","title":{"rendered":"Daten und Fakten zu Offshore-Firmen auf den British Virgin Islands"},"content":{"rendered":"<p><img decoding=\"async\" class=\"size-full alignnone\" src=\"\/wp-content\/uploads\/2019\/03\/bvihead.png\" alt=\"\" width=\"100%\"><\/p>\n<h4><strong>HIGHLIGHTS EINER OFFSHORE-FIRMA AUF DEN BRITISH VIRGIN ISLANDS<\/strong><\/h4>\n<ul>\n<li>Ausgezeichnetes Gesellschafts- und Aktienrecht<\/li>\n<li>Flexible Gesetzgebung f\u00fcr Unternehmen<\/li>\n<li>Keine Besteuerung f\u00fcr internationale Transaktionen und Banktransaktionen<\/li>\n<li>Keine Verordnungen bez\u00fcglich Devisenkontrolle<\/li>\n<li>Politische und wirtschaftliche Stabilit\u00e4t<\/li>\n<li>Hervorragendes Angebot an Hotelunterk\u00fcnften<\/li>\n<li>Ausgezeichnete weltweit vernetzte Kommunikationsm\u00f6glichkeiten<\/li>\n<li>Qualifiziertes Personal<\/li>\n<li>Keine Kapitalertrags- bzw. Einkommenssteuer oder sonstige Besteuerung<\/li>\n<\/ul>\n<table>\n<tbody>\n<tr>\n<td colspan=\"2\">\n<h4>ECKDATEN<\/h4>\n<\/td>\n<\/tr>\n<tr>\n<td colspan=\"2\"><strong><b>Allgemein<\/b><\/strong><\/td>\n<\/tr>\n<tr>\n<td>Gesellschaftstyp<\/td>\n<td>BC<\/td>\n<\/tr>\n<tr>\n<td>Gesetzgebung<\/td>\n<td>Common<\/td>\n<\/tr>\n<tr>\n<td>Vorratsgesellschaften verf\u00fcgbar<\/td>\n<td>Ja<\/td>\n<\/tr>\n<tr>\n<td>Registrierungszeit<\/td>\n<td>2 Tage<\/td>\n<\/tr>\n<tr>\n<td>Unternehmensbesteuerung<\/td>\n<td>Keine<\/td>\n<\/tr>\n<tr>\n<td>Doppelbesteuerungsabkommen<\/td>\n<td>Nein<\/td>\n<\/tr>\n<tr>\n<td colspan=\"2\"><strong><b>Stammkapital oder Gegenwert<\/b><\/strong><\/td>\n<\/tr>\n<tr>\n<td>Standardw\u00e4hrung<\/td>\n<td>US$<\/td>\n<\/tr>\n<tr>\n<td>Erlaubte W\u00e4hrungen<\/td>\n<td>Beliebig<\/td>\n<\/tr>\n<tr>\n<td>Voll eingezahltes Kapital (Minimum)<\/td>\n<td>US$1<\/td>\n<\/tr>\n<tr>\n<td>\u00dcblicherweise genehmigtes Kapital<\/td>\n<td>US$50,000<\/td>\n<\/tr>\n<tr>\n<td colspan=\"2\"><strong>Gesch\u00e4ftsf\u00fchrer<\/strong><\/td>\n<\/tr>\n<tr>\n<td>Mindestanzahl<\/td>\n<td>1<\/td>\n<\/tr>\n<tr>\n<td>Lokaler Gesch\u00e4ftsf\u00fchrer n\u00f6tig<\/td>\n<td>Nein<\/td>\n<\/tr>\n<tr>\n<td>Corporate Directors erlaubt<\/td>\n<td>Ja<\/td>\n<\/tr>\n<tr>\n<td>\u00d6ffentlich zug\u00e4ngliche Unterlagen<\/td>\n<td>Nein<\/td>\n<\/tr>\n<tr>\n<td>Versammlungsort<\/td>\n<td>Beliebig<\/td>\n<\/tr>\n<tr>\n<td colspan=\"2\"><strong>Gesellschafter<\/strong><\/td>\n<\/tr>\n<tr>\n<td>Mindestanzahl<\/td>\n<td>1<\/td>\n<\/tr>\n<tr>\n<td>\u00d6ffentlich zug\u00e4ngliche Unterlagen<\/td>\n<td>Nein<\/td>\n<\/tr>\n<tr>\n<td>Versammlungsort<\/td>\n<td>Beliebig<\/td>\n<\/tr>\n<tr>\n<td colspan=\"2\"><b><\/b><strong>Schriftf\u00fchrer<\/strong><\/td>\n<\/tr>\n<tr>\n<td>Erforderlich<\/td>\n<td>Optional<\/td>\n<\/tr>\n<tr>\n<td>Lokal oder Qualifizierung notwendig<\/td>\n<td>Nein<\/td>\n<\/tr>\n<tr>\n<td colspan=\"2\"><strong><b>Buchhaltung<\/b><\/strong><\/td>\n<\/tr>\n<tr>\n<td>Rechnungslegungspflicht<\/td>\n<td>Ja<\/td>\n<\/tr>\n<tr>\n<td>Rechnungspr\u00fcfung erforderlich<\/td>\n<td>Nein<\/td>\n<\/tr>\n<tr>\n<td>Einreichung der Buchhaltungsunterlagen erforderlich<\/td>\n<td>Nein<\/td>\n<\/tr>\n<tr>\n<td>\u00d6ffentlich zug\u00e4ngliche Buchhaltung<\/td>\n<td>Nein<\/td>\n<\/tr>\n<tr>\n<td colspan=\"2\"><strong>Wiederkehrende Kosten<\/strong><\/td>\n<\/tr>\n<tr>\n<td>Jahressteuer (Minimum) \/ Lizenzgeb\u00fchr<\/td>\n<td>US$350 (genehmigte Aktien &lt; US$50,000) \/ US$1,100 (genehmigte Aktien &gt; US$50,001)<\/td>\n<\/tr>\n<tr>\n<td colspan=\"2\"><strong>Sonstiges<\/strong><\/td>\n<\/tr>\n<tr>\n<td>Einreichung der Jahresberichte erforderlich<\/td>\n<td>Nein<\/td>\n<\/tr>\n<tr>\n<td>Firmensitzwechsel erlaubt<\/td>\n<td>Ja<\/td>\n<\/tr>\n<\/tbody>\n<\/table>\n","protected":false},"excerpt":{"rendered":"<p>HIGHLIGHTS EINER OFFSHORE-FIRMA AUF DEN BRITISH VIRGIN ISLANDS Ausgezeichnetes Gesellschafts- und Aktienrecht Flexible Gesetzgebung f\u00fcr Unternehmen Keine Besteuerung f\u00fcr internationale Transaktionen und Banktransaktionen Keine Verordnungen bez\u00fcglich Devisenkontrolle Politische und wirtschaftliche Stabilit\u00e4t Hervorragendes Angebot an Hotelunterk\u00fcnften Ausgezeichnete weltweit vernetzte Kommunikationsm\u00f6glichkeiten Qualifiziertes Personal Keine Kapitalertrags- bzw. Einkommenssteuer oder sonstige Besteuerung ECKDATEN Allgemein Gesellschaftstyp BC Gesetzgebung Common Vorratsgesellschaften [&hellip;]<\/p>\n","protected":false},"author":3,"featured_media":0,"parent":0,"menu_order":0,"comment_status":"closed","ping_status":"closed","template":"","meta":{"footnotes":""},"class_list":["post-513","page","type-page","status-publish","hentry"],"aioseo_notices":[],"_links":{"self":[{"href":"https:\/\/gws-offshore.com\/de\/wp-json\/wp\/v2\/pages\/513","targetHints":{"allow":["GET"]}}],"collection":[{"href":"https:\/\/gws-offshore.com\/de\/wp-json\/wp\/v2\/pages"}],"about":[{"href":"https:\/\/gws-offshore.com\/de\/wp-json\/wp\/v2\/types\/page"}],"author":[{"embeddable":true,"href":"https:\/\/gws-offshore.com\/de\/wp-json\/wp\/v2\/users\/3"}],"replies":[{"embeddable":true,"href":"https:\/\/gws-offshore.com\/de\/wp-json\/wp\/v2\/comments?post=513"}],"version-history":[{"count":2,"href":"https:\/\/gws-offshore.com\/de\/wp-json\/wp\/v2\/pages\/513\/revisions"}],"predecessor-version":[{"id":515,"href":"https:\/\/gws-offshore.com\/de\/wp-json\/wp\/v2\/pages\/513\/revisions\/515"}],"wp:attachment":[{"href":"https:\/\/gws-offshore.com\/de\/wp-json\/wp\/v2\/media?parent=513"}],"curies":[{"name":"wp","href":"https:\/\/api.w.org\/{rel}","templated":true}]}}