{"id":506,"date":"2019-03-04T18:25:18","date_gmt":"2019-03-04T18:25:18","guid":{"rendered":"http:\/\/gws-offshore.rhome.lv\/?page_id=506"},"modified":"2022-01-21T09:20:56","modified_gmt":"2022-01-21T08:20:56","slug":"british-virgin-islands-offshore-firmengruendung","status":"publish","type":"page","link":"https:\/\/gws-offshore.com\/de\/british-virgin-islands-offshore-firmengruendung\/","title":{"rendered":"British Virgin Islands Offshore Firmengr\u00fcndung"},"content":{"rendered":"<p><img decoding=\"async\" class=\"size-full alignnone\" src=\"\/wp-content\/uploads\/2019\/03\/bvihead.png\" alt=\"\" width=\"100%\" \/><\/p>\n<h4>Ihre Vorteile:<\/h4>\n<ul>\n<li>Wir gr\u00fcnden Ihre Offshore-Firma auf den British Virgin Islands in 24 Stunden<\/li>\n<li>Vollste Vertraulichkeit und h\u00f6chster Datenschutz<\/li>\n<li>350 USD j\u00e4hrliche Pauschalsteuer<\/li>\n<li>Ihr pers\u00f6nlicher Kundenberater \u2013 365 Tage im Jahr<\/li>\n<li>Ein garantiertes Bankkonto, Onlinebanking und Kreditkarte<\/li>\n<li>Aktienkapital muss nicht eingezahlt werden<\/li>\n<li>Anonyme Gr\u00fcndung mit Treuhandgesch\u00e4ftsf\u00fchrer und -gesellschafter (optional)<\/li>\n<li>Firmengr\u00fcndung ab\u00a0<strong>1,290 USD<\/strong><\/li>\n<\/ul>\n<a class=\"btn btn-1\" href=\"\/de\/kontakt\/\"><i class=\"fas fa-phone\"><\/i> Kontakt<\/a>&nbsp;\n<div class=\"box\"><\/p>\n<p><strong>Weitere Informationen:<\/strong><\/p>\n<ul>\n<li><a href=\"\/de\/daten-und-fakten-zu-offshore-firmen-auf-den-british-virgin-islands\/\">Eckdaten zu Offshore-Firmen auf den BVI<\/a><\/li>\n<li><a href=\"\/wp-content\/uploads\/2019\/03\/BVI_Business_Companies_Act_2004_Revised_1_1_06.pdf\">BVI Business Companies Act 2004<\/a> (PDF)<\/li>\n<li><a href=\"\/de\/gebuhrenubersicht-2\/\">Kosten\u00fcbersicht<\/a><\/li>\n<li><a href=\"\/wp-content\/uploads\/2019\/01\/GWS_Jurisdiction-Comparison-Chart-1.xlsx\">Vergleich der Standorte<\/a> (Excel)<\/li>\n<\/ul>\n<p><\/div>\n<p>Die Britischen Jungferninseln sind eine karibische Inselgruppe bestehend aus \u00fcber 40 Inseln. Das britische \u00dcberseegebiet wird zum gro\u00dfen Teil unabh\u00e4ngig regiert und verwaltet, auch wenn die oberste exekutive Autorit\u00e4t der Britischen Jungferninseln K\u00f6nigin Elisabeth\u00a0II inne hat.<\/p>\n<p>Die Jungferninselns geh\u00f6ren zu den \u00e4ltesten Offshore-Zentren der Welt. Zahlreiche andere Offshore-Staaten sind dem Beispiel des\u00a0<b>International Business Companies Act\u00a0<\/b>aus dem Jahr 1984 gefolgt\u2013 ein Gesetz der \u201eBritish Virgin Islands\u201c, das die Gr\u00fcndung einer International Business Company (IBC) erm\u00f6glichte. Jenes spielte eine wichtige Rolle f\u00fcr die wirtschaftliche und finanzielle Entwicklung des Landes. Die Wirtschaft der Inselgruppe ist heute eine der aufstrebendsten in der Karibik.<\/p>\n<p>Fast 41 Prozent aller Offshore-Firmen weltweit werden auf den \u201eBritish Virgin Islands\u201c gegr\u00fcndet. Das macht den Karibikstaat zu einem der f\u00fchrenden Offshore-Finanzpl\u00e4tze der Welt. Aufgrund der schnellen Registrierung, der hohen Vertraulichkeit, der Amtssprache and der W\u00e4hrung US-Dollar sind die Britischen Jungferninseln ein bevorzugtes Domizil f\u00fcr Firmengr\u00fcndungen.<\/p>\n<h4><strong>Der Offshore-Standort\u00a0BVI eignet sich in erster Linie f\u00fcr:<br \/>\n<\/strong><\/h4>\n<ul>\n<li>E-Commerce<\/li>\n<li>Intellectual Property Management (IPM)<\/li>\n<li>Halten und Verwalten von beweglichen und unbeweglichen Verm\u00f6genswerten<\/li>\n<li>Beratungsdienstleistungen<\/li>\n<li>Nachfolgeregelungen<\/li>\n<li>Wertpapier- und Devisengesch\u00e4fte<\/li>\n<li>Internationale Gesch\u00e4fte<\/li>\n<\/ul>\n<h4>Gr\u00fcndungskosten f\u00fcr eine Offshore-Gesellschaft auf den BVI:<\/h4>\n<p>Wir gr\u00fcnden Ihre Offshore-Firma auf den Britischen Jungferninseln bereits ab\u00a0<strong>1,290 USD<\/strong>.<\/p>\n<a href=\"\/de\/dubai-offshore-firmengrundung\/\" class=\"i-block\"><i class=\"fas fa-info-circle\"><\/i> Aufgrund der juristischen und steuerlichen Gestaltungsm\u00f6glichkeiten sowie der ausgezeichneten Reputation empfehlen wir unseren Mandanten eine Firmengr\u00fcndung in den Vereinigten Arabischen Emiraten.<\/a>\n","protected":false},"excerpt":{"rendered":"<p>Ihre Vorteile: Wir gr\u00fcnden Ihre Offshore-Firma auf den British Virgin Islands in 24 Stunden Vollste Vertraulichkeit und h\u00f6chster Datenschutz 350 USD j\u00e4hrliche Pauschalsteuer Ihr pers\u00f6nlicher Kundenberater \u2013 365 Tage im Jahr Ein garantiertes Bankkonto, Onlinebanking und Kreditkarte Aktienkapital muss nicht eingezahlt werden Anonyme Gr\u00fcndung mit Treuhandgesch\u00e4ftsf\u00fchrer und -gesellschafter (optional) Firmengr\u00fcndung ab\u00a01,290 USD Die Britischen Jungferninseln [&hellip;]<\/p>\n","protected":false},"author":3,"featured_media":0,"parent":0,"menu_order":0,"comment_status":"closed","ping_status":"closed","template":"","meta":{"footnotes":""},"class_list":["post-506","page","type-page","status-publish","hentry"],"aioseo_notices":[],"_links":{"self":[{"href":"https:\/\/gws-offshore.com\/de\/wp-json\/wp\/v2\/pages\/506","targetHints":{"allow":["GET"]}}],"collection":[{"href":"https:\/\/gws-offshore.com\/de\/wp-json\/wp\/v2\/pages"}],"about":[{"href":"https:\/\/gws-offshore.com\/de\/wp-json\/wp\/v2\/types\/page"}],"author":[{"embeddable":true,"href":"https:\/\/gws-offshore.com\/de\/wp-json\/wp\/v2\/users\/3"}],"replies":[{"embeddable":true,"href":"https:\/\/gws-offshore.com\/de\/wp-json\/wp\/v2\/comments?post=506"}],"version-history":[{"count":5,"href":"https:\/\/gws-offshore.com\/de\/wp-json\/wp\/v2\/pages\/506\/revisions"}],"predecessor-version":[{"id":1455,"href":"https:\/\/gws-offshore.com\/de\/wp-json\/wp\/v2\/pages\/506\/revisions\/1455"}],"wp:attachment":[{"href":"https:\/\/gws-offshore.com\/de\/wp-json\/wp\/v2\/media?parent=506"}],"curies":[{"name":"wp","href":"https:\/\/api.w.org\/{rel}","templated":true}]}}