{"id":484,"date":"2019-03-04T17:47:08","date_gmt":"2019-03-04T17:47:08","guid":{"rendered":"http:\/\/gws-offshore.rhome.lv\/?page_id=484"},"modified":"2019-03-04T17:49:16","modified_gmt":"2019-03-04T17:49:16","slug":"daten-und-fakten-zu-offshore-firmen-in-belize","status":"publish","type":"page","link":"https:\/\/gws-offshore.com\/de\/daten-und-fakten-zu-offshore-firmen-in-belize\/","title":{"rendered":"Daten und Fakten zu Offshore-Firmen in Belize"},"content":{"rendered":"<p><img decoding=\"async\" class=\"size-full alignnone\" src=\"\/wp-content\/uploads\/2019\/02\/belizehead.png\" alt=\"\" width=\"100%\"><\/p>\n<h4><strong>HIGHLIGHTS EINER OFFSHORE-FIRMA IN BELIZE<\/strong><\/h4>\n<ul>\n<li>Flexible Gesetzgebung f\u00fcr Unternehmen<\/li>\n<li>Keine Verordnungen bez\u00fcglich Devisenkontrolle<\/li>\n<li>Politische und wirtschaftliche Stabilit\u00e4t<\/li>\n<li>Keine Kapitalertrags- bzw. Einkommenssteuer oder sonstige Besteuerung<\/li>\n<li>Qualifiziertes Personal<\/li>\n<\/ul>\n<table>\n<tbody>\n<tr>\n<td colspan=\"2\">\n<h4><b><\/b>ECKDATEN<\/h4>\n<\/td>\n<\/tr>\n<tr>\n<td colspan=\"2\"><b>Allgemein<\/b><\/td>\n<\/tr>\n<tr>\n<td>Gesellschaftstyp<\/td>\n<td>IBC<\/td>\n<\/tr>\n<tr>\n<td>Gesetzgebung<\/td>\n<td>Common<\/td>\n<\/tr>\n<tr>\n<td>Vorratsgesellschaften verf\u00fcgbar<\/td>\n<td>Ja<\/td>\n<\/tr>\n<tr>\n<td>Registrierungszeit<\/td>\n<td>1 Tag<\/td>\n<\/tr>\n<tr>\n<td>Mindest-Regierungsgeb\u00fchr (ausschlie\u00dflich Steuer)<\/td>\n<td>US$100<\/td>\n<\/tr>\n<tr>\n<td>Unternehmensbesteuerung<\/td>\n<td>Keine<\/td>\n<\/tr>\n<tr>\n<td>Doppelbesteuerungsabkommen<\/td>\n<td>Nein<\/td>\n<\/tr>\n<tr>\n<td colspan=\"2\"><b><\/b><strong>Stammkapital oder Gegenwert<\/strong><\/td>\n<\/tr>\n<tr>\n<td>Standardw\u00e4hrung<\/td>\n<td>US$<\/td>\n<\/tr>\n<tr>\n<td>Erlaubte W\u00e4hrungen<\/td>\n<td>Beliebig<\/td>\n<\/tr>\n<tr>\n<td>Voll eingezahltes Kapital (Minimum)<\/td>\n<td>Kein Mindestbetrag<\/td>\n<\/tr>\n<tr>\n<td>\u00dcblicherweise genehmigtes Kapital<\/td>\n<td>US$50,000<\/td>\n<\/tr>\n<tr>\n<td colspan=\"2\"><strong>Gesch\u00e4ftsf\u00fchrer<\/strong><\/td>\n<\/tr>\n<tr>\n<td>Mindestanzahl<\/td>\n<td>1<\/td>\n<\/tr>\n<tr>\n<td>Lokaler Gesch\u00e4ftsf\u00fchrer n\u00f6tig<\/td>\n<td>Nein<\/td>\n<\/tr>\n<tr>\n<td>Corporate Directors erlaubt<\/td>\n<td>Ja<\/td>\n<\/tr>\n<tr>\n<td>\u00d6ffentlich zug\u00e4ngliche Unterlagen<\/td>\n<td>Nein<\/td>\n<\/tr>\n<tr>\n<td>Versammlungsort<\/td>\n<td>Beliebig<\/td>\n<\/tr>\n<tr>\n<td colspan=\"2\"><strong><b>Gesellschafter<\/b><\/strong><\/td>\n<\/tr>\n<tr>\n<td>Mindestanzahl<\/td>\n<td>1<\/td>\n<\/tr>\n<tr>\n<td>\u00d6ffentlich zug\u00e4ngliche Unterlagen<\/td>\n<td>Nein<\/td>\n<\/tr>\n<tr>\n<td>Versammlungsort<\/td>\n<td>Beliebig<\/td>\n<\/tr>\n<tr>\n<td colspan=\"2\"><strong><b>Schriftf\u00fchrer<\/b><\/strong><\/td>\n<\/tr>\n<tr>\n<td>Erforderlich<\/td>\n<td>Optional<\/td>\n<\/tr>\n<tr>\n<td>Lokal oder Qualifizierung notwendig<\/td>\n<td>Nein<\/td>\n<\/tr>\n<tr>\n<td colspan=\"2\"><b><\/b><strong><b>Buchhaltung<\/b><br \/>\n<\/strong><\/td>\n<\/tr>\n<tr>\n<td>Rechnungslegungspflicht<\/td>\n<td>Ja<\/td>\n<\/tr>\n<tr>\n<td>Rechnungspr\u00fcfung erforderlich<\/td>\n<td>Nein<\/td>\n<\/tr>\n<tr>\n<td>Einreichung der Buchhaltungsunterlagen erforderlich<\/td>\n<td>Nein<\/td>\n<\/tr>\n<tr>\n<td>\u00d6ffentlich zug\u00e4ngliche Buchhaltung<\/td>\n<td>Nein<\/td>\n<\/tr>\n<tr>\n<td colspan=\"2\"><strong>Sonstiges<\/strong><\/td>\n<\/tr>\n<tr>\n<td>Einreichung der Jahresberichte erforderlich<\/td>\n<td>Nein<\/td>\n<\/tr>\n<tr>\n<td>Firmensitzwechsel erlaubt<\/td>\n<td>Ja<\/td>\n<\/tr>\n<\/tbody>\n<\/table>\n","protected":false},"excerpt":{"rendered":"<p>HIGHLIGHTS EINER OFFSHORE-FIRMA IN BELIZE Flexible Gesetzgebung f\u00fcr Unternehmen Keine Verordnungen bez\u00fcglich Devisenkontrolle Politische und wirtschaftliche Stabilit\u00e4t Keine Kapitalertrags- bzw. Einkommenssteuer oder sonstige Besteuerung Qualifiziertes Personal ECKDATEN Allgemein Gesellschaftstyp IBC Gesetzgebung Common Vorratsgesellschaften verf\u00fcgbar Ja Registrierungszeit 1 Tag Mindest-Regierungsgeb\u00fchr (ausschlie\u00dflich Steuer) US$100 Unternehmensbesteuerung Keine Doppelbesteuerungsabkommen Nein Stammkapital oder Gegenwert Standardw\u00e4hrung US$ Erlaubte W\u00e4hrungen Beliebig Voll [&hellip;]<\/p>\n","protected":false},"author":3,"featured_media":0,"parent":0,"menu_order":0,"comment_status":"closed","ping_status":"closed","template":"","meta":{"footnotes":""},"class_list":["post-484","page","type-page","status-publish","hentry"],"aioseo_notices":[],"_links":{"self":[{"href":"https:\/\/gws-offshore.com\/de\/wp-json\/wp\/v2\/pages\/484","targetHints":{"allow":["GET"]}}],"collection":[{"href":"https:\/\/gws-offshore.com\/de\/wp-json\/wp\/v2\/pages"}],"about":[{"href":"https:\/\/gws-offshore.com\/de\/wp-json\/wp\/v2\/types\/page"}],"author":[{"embeddable":true,"href":"https:\/\/gws-offshore.com\/de\/wp-json\/wp\/v2\/users\/3"}],"replies":[{"embeddable":true,"href":"https:\/\/gws-offshore.com\/de\/wp-json\/wp\/v2\/comments?post=484"}],"version-history":[{"count":3,"href":"https:\/\/gws-offshore.com\/de\/wp-json\/wp\/v2\/pages\/484\/revisions"}],"predecessor-version":[{"id":487,"href":"https:\/\/gws-offshore.com\/de\/wp-json\/wp\/v2\/pages\/484\/revisions\/487"}],"wp:attachment":[{"href":"https:\/\/gws-offshore.com\/de\/wp-json\/wp\/v2\/media?parent=484"}],"curies":[{"name":"wp","href":"https:\/\/api.w.org\/{rel}","templated":true}]}}