{"id":48,"date":"2018-11-27T15:37:36","date_gmt":"2018-11-27T15:37:36","guid":{"rendered":"http:\/\/gws-offshore.rhome.lv\/?page_id=48"},"modified":"2022-01-21T09:20:40","modified_gmt":"2022-01-21T08:20:40","slug":"belize-offshore-firmengrundung","status":"publish","type":"page","link":"https:\/\/gws-offshore.com\/de\/belize-offshore-firmengrundung\/","title":{"rendered":"Belize Offshore Firmengr\u00fcndung"},"content":{"rendered":"<p><img decoding=\"async\" class=\"size-full alignnone\" src=\"\/wp-content\/uploads\/2019\/02\/belizehead.png\" alt=\"\" width=\"100%\" \/><\/p>\n<h4>Ihre Vorteile:<\/h4>\n<ul>\n<li>Gr\u00fcndung Ihrer Offshore-Firma in Belize innerhalb von 24 Stunden<\/li>\n<li>H\u00f6chstes Ma\u00df an Vertraulichkeit<\/li>\n<li>100 USD j\u00e4hrliche Pauschalsteuer<\/li>\n<li>Ein pers\u00f6nlicher Kundenberater \u2013 365 Tage im Jahr<\/li>\n<li>Ein garantiertes Bankkonto, Onlinebanking und Kreditkarte<\/li>\n<li>Aktienkapital muss nicht eingezahlt werden<\/li>\n<li>Anonyme Gr\u00fcndung mit Treuhandgesch\u00e4ftsf\u00fchrer und -gesellschafter (optional)<\/li>\n<\/ul>\n<div><a class=\"btn btn-1\" href=\"\/de\/kontakt\/\"><i class=\"fas fa-phone\"><\/i> Kontakt<\/a>&nbsp;<\/div>\n<div class=\"box\"><\/p>\n<p><strong>Weitere Informationen:<\/strong><\/p>\n<ul>\n<li><a href=\"\/de\/daten-und-fakten-zu-offshore-firmen-in-belize\/\">Eckdaten zu Offshore-Firmen in Belize<\/a><\/li>\n<li><a href=\"\/wp-content\/uploads\/2019\/02\/cap270.pdf\">Belize International Companies Act<\/a> (PDF)<\/li>\n<li><a href=\"\/de\/gebuhrenubersicht-2\/\">Kosten\u00fcbersicht<\/a><\/li>\n<li><a href=\"\/wp-content\/uploads\/2019\/01\/GWS_Jurisdiction-Comparison-Chart-1.xlsx\">Vergleich der Standorte<\/a> (Excel)<\/li>\n<\/ul>\n<p><\/div>\n<p>Belize war fr\u00fcher unter dem Namen Britisch Honduras bekannt. Heute ist die ehemalige britische Kolonie ein unabh\u00e4ngiger, demokratischer und politisch stabiler Staat in Zentralamerika mit 300.000 Einwohnern. Das Land wurde 1981 in die Unabh\u00e4ngigkeit entlassen und wurde in den darauffolgenden Jahren als Offshore-Standort f\u00fcr Firmengr\u00fcndungen und Steueroptimierung international bekannt.<\/p>\n<p>Die Hauptstadt des Landes ist Belmopan. Das international gesch\u00e4tzte Offshore-Zentrum bietet zahlreiche Vorteile, wie der schnelle Registrierungsprozess, die stabile politische Lage sowie die hohe Vertraulichkeit in \u00dcbereinstimmung mit der nationalen Gesetzgebung. Die offizielle Amtssprache ist Englisch, wodurch Firmengr\u00fcndungen signifikant vereinfacht werden. Aufgrund der juristischen und steuerlichen Gestaltungsm\u00f6glichkeiten sowie der geringen Gr\u00fcndungskosten empfehlen wir den meisten Mandanten eine Offshore-Firmengr\u00fcndung in Belize.<\/p>\n<h4>Der Offshore-Standort Belize eignet sich f\u00fcr:<\/h4>\n<ul>\n<li>E-Commerce<\/li>\n<li>Intellectual Property Management (IPM)<\/li>\n<li>Halten und Verwalten von beweglichen und unbeweglichen Vermgenswerten<\/li>\n<li>Beratungsdienstleistungen<\/li>\n<li>Nachfolgeregelungen<\/li>\n<li>Wertpapier- und Devisengesch\u00e4fte<\/li>\n<li>Internationale Gesch\u00e4fte<\/li>\n<\/ul>\n<h4><b>Gr\u00fcndungskosten f\u00fcr eine Offshore-Gesellschaft in Belize:<\/b><\/h4>\n<p>Wir gr\u00fcnden Ihre Offshore-Firma in Belize bereits ab\u00a0<strong>890 USD<\/strong>.<\/p>\n<a href=\"\/de\/dubai-offshore-firmengrundung\/\" class=\"i-block\"><i class=\"fas fa-info-circle\"><\/i> Aufgrund der juristischen und steuerlichen Gestaltungsm\u00f6glichkeiten sowie der ausgezeichneten Reputation empfehlen wir unseren Mandanten eine Firmengr\u00fcndung in den Vereinigten Arabischen Emiraten.<\/a>\n","protected":false},"excerpt":{"rendered":"<p>Ihre Vorteile: Gr\u00fcndung Ihrer Offshore-Firma in Belize innerhalb von 24 Stunden H\u00f6chstes Ma\u00df an Vertraulichkeit 100 USD j\u00e4hrliche Pauschalsteuer Ein pers\u00f6nlicher Kundenberater \u2013 365 Tage im Jahr Ein garantiertes Bankkonto, Onlinebanking und Kreditkarte Aktienkapital muss nicht eingezahlt werden Anonyme Gr\u00fcndung mit Treuhandgesch\u00e4ftsf\u00fchrer und -gesellschafter (optional) Belize war fr\u00fcher unter dem Namen Britisch Honduras bekannt. Heute [&hellip;]<\/p>\n","protected":false},"author":3,"featured_media":0,"parent":0,"menu_order":0,"comment_status":"closed","ping_status":"closed","template":"","meta":{"footnotes":""},"class_list":["post-48","page","type-page","status-publish","hentry"],"aioseo_notices":[],"_links":{"self":[{"href":"https:\/\/gws-offshore.com\/de\/wp-json\/wp\/v2\/pages\/48","targetHints":{"allow":["GET"]}}],"collection":[{"href":"https:\/\/gws-offshore.com\/de\/wp-json\/wp\/v2\/pages"}],"about":[{"href":"https:\/\/gws-offshore.com\/de\/wp-json\/wp\/v2\/types\/page"}],"author":[{"embeddable":true,"href":"https:\/\/gws-offshore.com\/de\/wp-json\/wp\/v2\/users\/3"}],"replies":[{"embeddable":true,"href":"https:\/\/gws-offshore.com\/de\/wp-json\/wp\/v2\/comments?post=48"}],"version-history":[{"count":6,"href":"https:\/\/gws-offshore.com\/de\/wp-json\/wp\/v2\/pages\/48\/revisions"}],"predecessor-version":[{"id":1454,"href":"https:\/\/gws-offshore.com\/de\/wp-json\/wp\/v2\/pages\/48\/revisions\/1454"}],"wp:attachment":[{"href":"https:\/\/gws-offshore.com\/de\/wp-json\/wp\/v2\/media?parent=48"}],"curies":[{"name":"wp","href":"https:\/\/api.w.org\/{rel}","templated":true}]}}