{"id":36,"date":"2018-11-27T15:33:45","date_gmt":"2018-11-27T15:33:45","guid":{"rendered":"http:\/\/gws-offshore.rhome.lv\/?page_id=36"},"modified":"2022-01-21T10:05:09","modified_gmt":"2022-01-21T09:05:09","slug":"lander","status":"publish","type":"page","link":"https:\/\/gws-offshore.com\/de\/lander\/","title":{"rendered":"L\u00e4nder"},"content":{"rendered":"<p><strong>FIDELITY OFFSHORE EXPERT bietet Offshore-Firmengr\u00fcndungen in:<\/strong><\/p>\n<ul>\n<li><a title=\"Anguilla Offshore-Firmengr\u00fcndung\">Anguilla, Offshore-Firmengr\u00fcndung<\/a><\/li>\n<li><a title=\"Belize Offshore-Firmengr\u00fcndung\">Belize, Offshore-Firmengr\u00fcndung<\/a><\/li>\n<li><a title=\"British Virgin Islands Offshore Firmengr\u00fcndung\">British Virgin Islands (BVI), Offshore-Firmengr\u00fcndung<\/a><\/li>\n<li><a title=\"Dominica Offshore Firmengr\u00fcndung\">Dominica, Offshore Firmengr\u00fcndung<\/a><\/li>\n<li><a title=\"Dubai Offshore Firmengr\u00fcndung\">Dubai (RAK), Offshore-Firmengr\u00fcndung<\/a><\/li>\n<li><a title=\"Gambia Offshore Firmengrndung\">Gambia,\u00a0Offshore Firmengr\u00fcndung<\/a><\/li>\n<li><a title=\"Gibraltar Offshore Firmengr\u00fcndung\">Gibraltar,\u00a0Offshore Firmengr\u00fcndung<\/a><\/li>\n<li><a title=\"Hong Kong Offshore Firmengr\u00fcndung\">Hong Kong,\u00a0Offshore Firmengr\u00fcndung<\/a><\/li>\n<li><a title=\"Liechtenstein Firmengr\u00fcndung\">Liechtenstein, Offshore-Firmengr\u00fcndung<\/a><\/li>\n<li>Marshallinseln,\u00a0Offshore Firmengr\u00fcndung<\/li>\n<li><a title=\"Mauritius Offshore Firmengr\u00fcndung\">Mauritius, Offshore-Firmengr\u00fcndung<\/a><\/li>\n<li><a title=\"Panama Offshore Firmengr\u00fcndung\">Panama, Offshore-Firmengr\u00fcndung<\/a><\/li>\n<li><a title=\"Seychellen Offshore Firmengr\u00fcndung\">Seychellen, Offshore-Firmengr\u00fcndung<\/a><\/li>\n<li><a title=\"Zypern Firmengr\u00fcndung\">Zypern, Offshore-Firmengr\u00fcndung<\/a><\/li>\n<\/ul>\n<div>\n<div><a href=\"\/dubai-offshore-firmengrundung\/\" class=\"i-block\"><i class=\"fas fa-info-circle\"><\/i> Aufgrund der juristischen und steuerlichen Gestaltungsm\u00f6glichkeiten sowie der geringen Gr\u00fcndungskosten empfehlen wir unseren Mandanten eine Offshore-Firmengr\u00fcndung in Dubai.<br \/>\n<\/a><\/div>\n<div><\/div>\n<\/div>\n<div>\n<div>\n<div><a href=\"\/de\/kontakt\/\" class=\"i-block\"><i class=\"fas fa-info-circle\"><\/i> Ihr pers\u00f6nlicher Kundenberater ber\u00e4t Sie gerne zum Thema Firmengrndungen<\/a><\/div>\n<\/div>\n<\/div>\n<div><\/div>\n","protected":false},"excerpt":{"rendered":"<p>FIDELITY OFFSHORE EXPERT bietet Offshore-Firmengr\u00fcndungen in: Anguilla, Offshore-Firmengr\u00fcndung Belize, Offshore-Firmengr\u00fcndung British Virgin Islands (BVI), Offshore-Firmengr\u00fcndung Dominica, Offshore Firmengr\u00fcndung Dubai (RAK), Offshore-Firmengr\u00fcndung Gambia,\u00a0Offshore Firmengr\u00fcndung Gibraltar,\u00a0Offshore Firmengr\u00fcndung Hong Kong,\u00a0Offshore Firmengr\u00fcndung Liechtenstein, Offshore-Firmengr\u00fcndung Marshallinseln,\u00a0Offshore Firmengr\u00fcndung Mauritius, Offshore-Firmengr\u00fcndung Panama, Offshore-Firmengr\u00fcndung Seychellen, Offshore-Firmengr\u00fcndung Zypern, Offshore-Firmengr\u00fcndung<\/p>\n","protected":false},"author":3,"featured_media":0,"parent":0,"menu_order":0,"comment_status":"closed","ping_status":"closed","template":"","meta":{"footnotes":""},"class_list":["post-36","page","type-page","status-publish","hentry"],"aioseo_notices":[],"_links":{"self":[{"href":"https:\/\/gws-offshore.com\/de\/wp-json\/wp\/v2\/pages\/36","targetHints":{"allow":["GET"]}}],"collection":[{"href":"https:\/\/gws-offshore.com\/de\/wp-json\/wp\/v2\/pages"}],"about":[{"href":"https:\/\/gws-offshore.com\/de\/wp-json\/wp\/v2\/types\/page"}],"author":[{"embeddable":true,"href":"https:\/\/gws-offshore.com\/de\/wp-json\/wp\/v2\/users\/3"}],"replies":[{"embeddable":true,"href":"https:\/\/gws-offshore.com\/de\/wp-json\/wp\/v2\/comments?post=36"}],"version-history":[{"count":7,"href":"https:\/\/gws-offshore.com\/de\/wp-json\/wp\/v2\/pages\/36\/revisions"}],"predecessor-version":[{"id":1471,"href":"https:\/\/gws-offshore.com\/de\/wp-json\/wp\/v2\/pages\/36\/revisions\/1471"}],"wp:attachment":[{"href":"https:\/\/gws-offshore.com\/de\/wp-json\/wp\/v2\/media?parent=36"}],"curies":[{"name":"wp","href":"https:\/\/api.w.org\/{rel}","templated":true}]}}