{"id":32,"date":"2018-11-27T15:33:05","date_gmt":"2018-11-27T15:33:05","guid":{"rendered":"http:\/\/gws-offshore.rhome.lv\/?page_id=32"},"modified":"2022-07-21T09:45:59","modified_gmt":"2022-07-21T07:45:59","slug":"offshore-firmengruendung","status":"publish","type":"page","link":"https:\/\/gws-offshore.com\/de\/offshore-firmengruendung\/","title":{"rendered":"Offshore Firmengr\u00fcndung"},"content":{"rendered":"<p>Die\u00a0<strong>FIDELITY OFFSHORE EXPERT Group<\/strong>\u00a0verwirklicht die Erwartungen und W\u00fcnsche von verm\u00f6genden Kunden, und gr\u00fcndet und verwaltet\u00a0<strong>Gesellschaften, Stiftungen <\/strong>sowie <strong>Trusts<\/strong>\u00a0an zahlreichen On- und Offshore-Standorten. Unsere langj\u00e4hrige Erfahrung, die fachliche Qualifikation, unsere enge Zusammenarbeit mit international f\u00fchrenden Gesch\u00e4ftsbanken und Verm\u00f6gensverwaltungen sowie unsere Kooperation mit Rechtsanw\u00e4lten, Treuh\u00e4ndern, Notaren, Steuerberatern und Wirtschaftspr\u00fcfern erm\u00f6glicht Ihnen eine rechtssichere und diskrete Gr\u00fcndung und F\u00fchrung Ihrer Gesellschaft.<\/p>\r\n<p>In Zeiten der Globalisierung ist es dabei das legitime Bestreben jedes Unternehmers, f\u00fcr seine Gesellschaft die optimale Unternehmensstruktur zu realisieren, und die ihm gegebenen wirtschaftlichen und steuerlichen M\u00f6glichkeiten in Anspruch zu nehmen.<\/p>\r\n<p><strong>Die Vorteile einer Offshore-Firma sind dabei sehr vielf\u00e4ltig<\/strong>:<\/p>\r\n<ul>\r\n<li>Steuerliche Gestaltungsm\u00f6glichkeiten<\/li>\r\n<li>Vollst\u00e4ndige Steuerbefreiung oder Pauschalbesteuerung<\/li>\r\n<li>Vermeidung von Durchgriffshaftungen<\/li>\r\n<li>Gesch\u00e4ftlicher Neustart<\/li>\r\n<li>Verm\u00f6gensschutz<\/li>\r\n<li>Steuerfreie Aktienverk\u00e4ufe<\/li>\r\n<li>Vollste Anonymit\u00e4t<\/li>\r\n<li>Freie Wahl des Firmennamens<\/li>\r\n<li>Keine erforderlichen Bef\u00e4higungsnachweise<\/li>\r\n<li>Nahezu jede Gesch\u00e4ftst\u00e4tigkeit erlaubt<\/li>\r\n<li>Neustart bei bestehendem Gewerbeverbot<\/li>\r\n<li>Aufbau einer neuen Bonit\u00e4t<\/li>\r\n<li>Kapitalisierung und B\u00f6rsengang m\u00f6glich<\/li>\r\n<li>Geringe fortlaufende Kosten<\/li>\r\n<\/ul>\r\n<p><strong>Zu jedem neugegr\u00fcndeten Unternehmen oder Vorratsgesellschaft erhalten Sie:<\/strong><\/p>\r\n<ul>\r\n<li>Gr\u00fcndungsurkunde (Certificate of Incorporation)<\/li>\r\n<li>Gesellschaftsvertrag (Memorandum of Association)<\/li>\r\n<li>Firmenstatuten (Articles of Association)<\/li>\r\n<li>Aktienzertifikat (Share Certificate)<\/li>\r\n<li>Protokoll der Gesellschafterversammlung (First Minutes of the Board)<\/li>\r\n<li>Beschluss zur Er\u00f6ffnung eines Bankkontos<\/li>\r\n<li>Stellung des Firmensitzes (Registered Office)<\/li>\r\n<li>Firmensiegel (Corporate Seal)<\/li>\r\n<\/ul>\r\n<p><strong>Optionale zus\u00e4tzliche Leistungen:<\/strong><\/p>\r\n<ul>\r\n<li>Treuhandvertrag (Declaration of Trust)<\/li>\r\n<li>Vollmacht (Power of Attorney)<\/li>\r\n<li>Notarielle Beglaubigungen<\/li>\r\n<li>Apostille (Internationale, staatliche \u00dcberbeglaubigung)<\/li>\r\n<li>Bank- und Anlagekonten<\/li>\r\n<li>Ausz\u00fcge aus dem Firmenregister (Certificate of good standing)<\/li>\r\n<li>Virtual Office<\/li>\r\n<\/ul>\r\n<div>\r\n<div><a href=\"\/de\/dubai-offshore-firmengrundung\/\" class=\"i-block\"><i class=\"fas fa-info-circle\"><\/i> Aufgrund der juristischen und steuerlichen Gestaltungsm\u00f6glichkeiten sowie der geringen Gr\u00fcndungskosten empfehlen wir unseren Mandanten eine Offshore-Firmengr\u00fcndung in Dubai (RAK).<\/a><\/div>\r\n<div>\r\n<div>\r\n<div><a href=\"\/de\/kontakt\/\" class=\"i-block\"><i class=\"fas fa-info-circle\"><\/i> Ihr pers\u00f6nlicher Kundenberater ber\u00e4t Sie gerne zum Thema Firmengr\u00fcndungen<\/a><\/div>\r\n<\/div>\r\n<\/div>\r\n<\/div>\r\n\r\n<p>&nbsp;<\/p>\r\n","protected":false},"excerpt":{"rendered":"<p>Die\u00a0FIDELITY OFFSHORE EXPERT Group\u00a0verwirklicht die Erwartungen und W\u00fcnsche von verm\u00f6genden Kunden, und gr\u00fcndet und verwaltet\u00a0Gesellschaften, Stiftungen sowie Trusts\u00a0an zahlreichen On- und Offshore-Standorten. Unsere langj\u00e4hrige Erfahrung, die fachliche Qualifikation, unsere enge Zusammenarbeit mit international f\u00fchrenden Gesch\u00e4ftsbanken und Verm\u00f6gensverwaltungen sowie unsere Kooperation mit Rechtsanw\u00e4lten, Treuh\u00e4ndern, Notaren, Steuerberatern und Wirtschaftspr\u00fcfern erm\u00f6glicht Ihnen eine rechtssichere und diskrete Gr\u00fcndung und F\u00fchrung Ihrer [&hellip;]<\/p>\n","protected":false},"author":3,"featured_media":0,"parent":0,"menu_order":0,"comment_status":"closed","ping_status":"closed","template":"","meta":{"footnotes":""},"class_list":["post-32","page","type-page","status-publish","hentry"],"aioseo_notices":[],"_links":{"self":[{"href":"https:\/\/gws-offshore.com\/de\/wp-json\/wp\/v2\/pages\/32","targetHints":{"allow":["GET"]}}],"collection":[{"href":"https:\/\/gws-offshore.com\/de\/wp-json\/wp\/v2\/pages"}],"about":[{"href":"https:\/\/gws-offshore.com\/de\/wp-json\/wp\/v2\/types\/page"}],"author":[{"embeddable":true,"href":"https:\/\/gws-offshore.com\/de\/wp-json\/wp\/v2\/users\/3"}],"replies":[{"embeddable":true,"href":"https:\/\/gws-offshore.com\/de\/wp-json\/wp\/v2\/comments?post=32"}],"version-history":[{"count":5,"href":"https:\/\/gws-offshore.com\/de\/wp-json\/wp\/v2\/pages\/32\/revisions"}],"predecessor-version":[{"id":1524,"href":"https:\/\/gws-offshore.com\/de\/wp-json\/wp\/v2\/pages\/32\/revisions\/1524"}],"wp:attachment":[{"href":"https:\/\/gws-offshore.com\/de\/wp-json\/wp\/v2\/media?parent=32"}],"curies":[{"name":"wp","href":"https:\/\/api.w.org\/{rel}","templated":true}]}}