{"id":28,"date":"2018-11-27T15:32:00","date_gmt":"2018-11-27T15:32:00","guid":{"rendered":"http:\/\/gws-offshore.rhome.lv\/?page_id=28"},"modified":"2022-07-21T09:39:07","modified_gmt":"2022-07-21T07:39:07","slug":"ueber-uns","status":"publish","type":"page","link":"https:\/\/gws-offshore.com\/de\/ueber-uns\/","title":{"rendered":"\u00dcber uns"},"content":{"rendered":"<p>Die\u00a0<b><strong>FIDELITY OFFSHORE EXPERT Group<\/strong>\u00a0\u00a0<\/b>ist ein f\u00fchrender, unabh\u00e4ngiger Offshore-Dienstleiter mit ma\u00dfgeschneiderten L\u00f6sungen im Bereich Trust- und\u00a0<strong>Offshore-Firmengr\u00fcndungen<\/strong>. Nachhaltige und individuelle Beratung: Dies ist unser Anspruch f\u00fcr zeitgem\u00e4\u00dfe, zukunftsgerichtete Offshore-Strukturen. Daf\u00fcr sind wir Ihr vertrauensvoller, umsichtiger Partner. Zu den Kernkompetenzen der Global Wealth Services z\u00e4hlen Unternehmensberatung, Verm\u00f6gensschutz, Gr\u00fcndung und Administration von\u00a0<a title=\"Offshore Firmengr\u00fcndung\" href=\"\/de\/offshore-firmengruendung\/\">Offshore-Firmen<\/a>\u00a0sowie die weltweite Einrichtung von Stiftungen und Trusts.<\/p>\n<p>Die\u00a0<b>FIDELITY OFFSHORE EXPERT Group\u00a0<\/b>bietet verm\u00f6genden Kunden eine Bandbreite an Dienstleistungen \u2013 mit dem Ziel, die Erwartungen ihrer Kunden und die globalen Ver\u00e4nderungen genau zu verstehen als auch die Privatsph\u00e4re der Kunden zu sch\u00fctzen, was stets im Mittelpunkt stehen wird. FIDELITY OFFSHORE EXPERT hat sich den h\u00f6chsten Standards zum Schutz der Privatsph\u00e4re verpflichtet und bietet einen erstklassigen, vertraulichen Service f\u00fcr private und institutionelle Kunden.<\/p>\n<p>Aufgrund der langj\u00e4hrigen, engen Partnerschaft mit Banken und Verm\u00f6gensverwaltern in allen wichtigen Finanzzentren der Welt bieten wir unseren Kunden umfassende Dienstleistungen f\u00fcr Anlage- und Verm\u00f6gensschutz, professionelle und fachkundige Offshore- sowie\u00a0<a title=\"Treuhandverwaltung\" href=\"\/nominee-services\/\">Treuhand-Dienstleistungen<\/a>. FIDELITY OFFSHORE EXPERT unterst\u00fctzt Kunden bei der \u00dcbernahme von\u00a0<a title=\"Vorratsgesellschaften\" href=\"\/de\/offshore-vorratsgesellschaften\/\">Vorratsgesellschaften<\/a>\u00a0oder der\u00a0<a title=\"Offshore Firmengr\u00fcndung\" href=\"\/de\/offshore-firmengruendung\/\">Gr\u00fcndung von Offshoregesellschaften<\/a>mit Bankkonten und umfassenden Finanzdienstleistungen an Offshorestandorten wie Belize, Panama, Seychellen, Britische Jungferninseln, Anguilla, Dominica, Hong Kong und Dubai.<\/p>\n<p>Die\u00a0<b>FIDELITY OFFSHORE EXPERT Group\u00a0<\/b>ist dabei weit mehr als ein reiner Unternehmensgr\u00fcnder: Wir sind Ihr Partner f\u00fcr nachhaltige Gesch\u00e4ftsl\u00f6sungen, Treuhanddienstleistungen und f\u00fcr eine erfolgreiche Nachfolgeregelung. Wir erkennen die M\u00f6glichkeiten, die mit jedem Ver\u00e4nderungsprozess einhergehen. Wir finden Antworten auf schwierige Fragen, und wir haben keine Angst vor der Herausforderung neue Wege zu beschreiten.<\/p>\n","protected":false},"excerpt":{"rendered":"<p>Die\u00a0FIDELITY OFFSHORE EXPERT Group\u00a0\u00a0ist ein f\u00fchrender, unabh\u00e4ngiger Offshore-Dienstleiter mit ma\u00dfgeschneiderten L\u00f6sungen im Bereich Trust- und\u00a0Offshore-Firmengr\u00fcndungen. Nachhaltige und individuelle Beratung: Dies ist unser Anspruch f\u00fcr zeitgem\u00e4\u00dfe, zukunftsgerichtete Offshore-Strukturen. Daf\u00fcr sind wir Ihr vertrauensvoller, umsichtiger Partner. Zu den Kernkompetenzen der Global Wealth Services z\u00e4hlen Unternehmensberatung, Verm\u00f6gensschutz, Gr\u00fcndung und Administration von\u00a0Offshore-Firmen\u00a0sowie die weltweite Einrichtung von Stiftungen und Trusts. Die\u00a0FIDELITY OFFSHORE EXPERT Group\u00a0bietet [&hellip;]<\/p>\n","protected":false},"author":3,"featured_media":0,"parent":0,"menu_order":0,"comment_status":"closed","ping_status":"closed","template":"","meta":{"footnotes":""},"class_list":["post-28","page","type-page","status-publish","hentry"],"aioseo_notices":[],"_links":{"self":[{"href":"https:\/\/gws-offshore.com\/de\/wp-json\/wp\/v2\/pages\/28","targetHints":{"allow":["GET"]}}],"collection":[{"href":"https:\/\/gws-offshore.com\/de\/wp-json\/wp\/v2\/pages"}],"about":[{"href":"https:\/\/gws-offshore.com\/de\/wp-json\/wp\/v2\/types\/page"}],"author":[{"embeddable":true,"href":"https:\/\/gws-offshore.com\/de\/wp-json\/wp\/v2\/users\/3"}],"replies":[{"embeddable":true,"href":"https:\/\/gws-offshore.com\/de\/wp-json\/wp\/v2\/comments?post=28"}],"version-history":[{"count":5,"href":"https:\/\/gws-offshore.com\/de\/wp-json\/wp\/v2\/pages\/28\/revisions"}],"predecessor-version":[{"id":176,"href":"https:\/\/gws-offshore.com\/de\/wp-json\/wp\/v2\/pages\/28\/revisions\/176"}],"wp:attachment":[{"href":"https:\/\/gws-offshore.com\/de\/wp-json\/wp\/v2\/media?parent=28"}],"curies":[{"name":"wp","href":"https:\/\/api.w.org\/{rel}","templated":true}]}}