{"id":260,"date":"2019-01-06T18:04:27","date_gmt":"2019-01-06T18:04:27","guid":{"rendered":"http:\/\/gws-offshore.rhome.lv\/?page_id=260"},"modified":"2022-07-21T09:50:47","modified_gmt":"2022-07-21T07:50:47","slug":"garantierte-bankkonten-fuer-ihre-offshorefirma","status":"publish","type":"page","link":"https:\/\/gws-offshore.com\/de\/garantierte-bankkonten-fuer-ihre-offshorefirma\/","title":{"rendered":"Garantierte Bankkonten f\u00fcr Ihre Offshorefirma"},"content":{"rendered":"<p><img decoding=\"async\" class=\"alignnone size-full wp-image-261\" src=\"http:\/\/gws-offshore.rhome.lv\/wp-content\/uploads\/2019\/01\/gwsbank.png\" alt=\"\" width=\"100%\" \/><strong>Wir sind der Auffassung, dass eine Firma ohne eigenes Bankkonto sinnlos ist.<\/strong><\/p>\n<p>Aufgrund unserer jahrelangen, engen Zusammenarbeit mit einer Vielzahl an internationalen, renommierten Banken ist es uns m\u00f6glich, zu jeder Offshoregesellschaft ein Bankkonto zu garantieren. Dabei beschr\u00e4nkt sich unsere Dienstleistung nicht auf die Zurverf\u00fcgungstellung von Bankformularen, wie es bei den meisten Mitbewerbern der Fall ist, sondern wir begleiten Sie aktiv durch den gesamten Antragsprozess, bis Ihr Gesch\u00e4ftskonto er\u00f6ffnet ist.<\/p>\n<p>Alle von uns repr\u00e4sentierten Banken unterliegen einem sehr strengen Bankgeheimnis. Aufgrund unserer engen Zusammenarbeit mit den jeweiligen Banken ist eine pers\u00f6nliche Anreise nicht erforderlich. <strong>FIDELITY OFFSHORE EXPERT <\/strong>\u00fcbernimmt f\u00fcr Sie die gesamte Abwicklung und ggf. notwenige Vorsprachen.<\/p>\n<p>Je nach Art und Umfang des Bankkontos belaufen sich\u00a0die monatlichen Kontof\u00fchrungsgeb\u00fchren\u00a0im bank\u00fcblichen Durchschnitt. Zudem erwarten einige Banken eine Mindesteinlage. Gerne beraten wir Sie bei der Wahl der richtigen Bank f\u00fcr Ihre Offshoregesellschaft.<\/p>\n<h4><strong>First Class Banking:<br \/>\n<\/strong><\/h4>\n<ul>\n<li>H\u00f6chste Sicherheit: Nur Sie haben Zugriff auf Ihr Bankkonto<\/li>\n<li>Keine Schufa- und Bonit\u00e4tsauskunft<\/li>\n<li>Strenges Bankgeheimnis<\/li>\n<li>Kontow\u00e4hrung wahlweise in EUR, USD, GBP, CHF, YEN<\/li>\n<li>\u00dcberweisungen direkt oder \u00fcber Korrespondenzkonten per IBAN und BIC<\/li>\n<li>Verm\u00f6gensverwaltung und Portfoliomanagement<\/li>\n<li>Direkter Zugang zum weltweiten SWIFT-System<\/li>\n<li>Zugang zum\u00a0Online- und Telefon-Banking-System<\/li>\n<li>Ausgabe von Debit- und Kreditkarten<\/li>\n<li>Merchant Services zur Akzeptanz von Kreditkarten in Ihrem Onlineshop<\/li>\n<\/ul>\n<a href=\"\/de\/kontakt\/\" class=\"i-block\"><i class=\"fas fa-info-circle\"><\/i> Ihr pers\u00f6nlicher Kundenberater ber\u00e4t Sie gerne zu Privat- und Gesch\u00e4ftskonten<\/a>\n","protected":false},"excerpt":{"rendered":"<p>Wir sind der Auffassung, dass eine Firma ohne eigenes Bankkonto sinnlos ist. Aufgrund unserer jahrelangen, engen Zusammenarbeit mit einer Vielzahl an internationalen, renommierten Banken ist es uns m\u00f6glich, zu jeder Offshoregesellschaft ein Bankkonto zu garantieren. Dabei beschr\u00e4nkt sich unsere Dienstleistung nicht auf die Zurverf\u00fcgungstellung von Bankformularen, wie es bei den meisten Mitbewerbern der Fall ist, [&hellip;]<\/p>\n","protected":false},"author":3,"featured_media":903,"parent":0,"menu_order":0,"comment_status":"closed","ping_status":"closed","template":"","meta":{"footnotes":""},"class_list":["post-260","page","type-page","status-publish","has-post-thumbnail","hentry"],"aioseo_notices":[],"_links":{"self":[{"href":"https:\/\/gws-offshore.com\/de\/wp-json\/wp\/v2\/pages\/260","targetHints":{"allow":["GET"]}}],"collection":[{"href":"https:\/\/gws-offshore.com\/de\/wp-json\/wp\/v2\/pages"}],"about":[{"href":"https:\/\/gws-offshore.com\/de\/wp-json\/wp\/v2\/types\/page"}],"author":[{"embeddable":true,"href":"https:\/\/gws-offshore.com\/de\/wp-json\/wp\/v2\/users\/3"}],"replies":[{"embeddable":true,"href":"https:\/\/gws-offshore.com\/de\/wp-json\/wp\/v2\/comments?post=260"}],"version-history":[{"count":8,"href":"https:\/\/gws-offshore.com\/de\/wp-json\/wp\/v2\/pages\/260\/revisions"}],"predecessor-version":[{"id":1526,"href":"https:\/\/gws-offshore.com\/de\/wp-json\/wp\/v2\/pages\/260\/revisions\/1526"}],"wp:featuredmedia":[{"embeddable":true,"href":"https:\/\/gws-offshore.com\/de\/wp-json\/wp\/v2\/media\/903"}],"wp:attachment":[{"href":"https:\/\/gws-offshore.com\/de\/wp-json\/wp\/v2\/media?parent=260"}],"curies":[{"name":"wp","href":"https:\/\/api.w.org\/{rel}","templated":true}]}}